
{"id":169,"date":"2011-08-30T11:28:22","date_gmt":"2011-08-30T11:28:22","guid":{"rendered":"https:\/\/centriboet.com\/privacy-policy\/"},"modified":"2022-06-09T15:05:10","modified_gmt":"2022-06-09T15:05:10","slug":"privacy-policy","status":"publish","type":"page","link":"https:\/\/centriboet.com\/es\/privacy-policy\/","title":{"rendered":"Aviso legal"},"content":{"rendered":"<div class=\"row \">\n<div class=\"span12 \"><div id=\"main_container\" class=\"main-container container\">\n<div id=\"container_inner\">\n<div class=\"row\">\n<section class=\"col-sm-12\">\n<div class=\"region region-content\">\n<section id=\"block-system-main\" class=\"block block-system clearfix\">\n<div id=\"node-381\" class=\"node node-page clearfix\">\n<div class=\"content\">\n<div class=\"field field-name-body field-type-text-with-summary field-label-hidden\">\n<div class=\"field-items\">\n<div class=\"field-item even\">\n<div class=\"container\">\n<p>Cumpliendo con la normativa definida en la Ley 34\/ 2002, del 11 de Julio, de Servicios de la Sociedad de la Informaci\u00f3n y de Comercio Electr\u00f3nico, indicamos a continuaci\u00f3n los datos de informaci\u00f3n general de esta p\u00e1gina web:<\/p>\n<p>Titular: ANDREU BOET EQUIPAMENTS, SL<br \/>\nDomicilio: Passeig de Sant Gervasi, 33 - 08022 Barcelona<br \/>\nE-mail:<a href=\"mailto:info@centriboet.com\">info@centriboet.com<\/a><br \/>\nTel\u00e8fon: 93 211 22 33 \u00b7<br \/>\nFax. 93 418 63 42<\/p>\n<p>PROPIEDAD INTELECTUAL<\/p>\n<p>Todos los contenidos, incluidos los textos, las im\u00e1genes, los sonidos y cualquier otro material, son propiedad de ANDREU BOET EQUIPAMENTS, SL Quedan reservados todos los derechos de explotaci\u00f3n.<br \/>\nPor tanto, queda prohibida la reproducci\u00f3n, retransmisi\u00f3n, copia, cesi\u00f3n o difusi\u00f3n total o parcial de su contenido sin autorizaci\u00f3n expresa y por escrito.<\/p>\n<p>RESPONSABILIDAD DE LOS CONTENIDOS Y LOS ENLACES<\/p>\n<p>ANDREU BOET EQUIPAMENTS, SL no asume la responsabilidad de las infracciones que los usuarios puedan incurrir o de los da\u00f1os y perjuicios causados por la utilizaci\u00f3n de esta web y se reserva el derecho de actualizaci\u00f3n y modificaci\u00f3n de la informaci\u00f3n sin previo aviso.<br \/>\nAdem\u00e1s, ANDREU BOET EQUIPAMENTS, SL tampoco asume la responsabilidad del contenido, veracidad y\/o posibles errores en los enlaces a los que se puede acceder a trav\u00e9s del sitio web. La \u00fanica finalidad de los enlaces es la de proporcionar a los usuarios el acceso a una informaci\u00f3n que puede ser de su inter\u00e9s.<\/p>\n<p>POL\u00cdTICA DE PRIVACIDAD<\/p>\n<p>Con el objetivo de cumplir los preceptos de la Ley Org\u00e1nica 15\/1999 de Protecci\u00f3n de Datos de Car\u00e1cter Personal, ANDREU BOET EQUIPAMENTS, SL informa a los usuarios de esta p\u00e1gina web de los puntos siguientes:<\/p>\n<p>Toda la informaci\u00f3n que reciba ANDREU BOET EQUIPAMENTS, SL ser\u00e1 tratada con la m\u00e1xima confidencialidad y seguridad, y se incorporar\u00e1 a los ficheros automatizados de su propiedad, cuya creaci\u00f3n ha sido debidamente notificada a la Agencia de Protecci\u00f3n de Datos.<\/p>\n<p>Esta informaci\u00f3n es utilizada exclusivamente por ANDREU BOET EQUIPAMENTS, SL con la finalidad de mantener la relaci\u00f3n comercial y mercantil con sus clientes, as\u00ed como para mantenerlos puntualmente informados de los productos y servicios que ofrece, y no ser\u00e1 comunicada a terceras partes excepto en los casos en que ANDREU BOET EQUIPAMENTS, SL est\u00e9 obligada legalmente o es trate de datos de informaci\u00f3n p\u00fablica.<br \/>\nLas personas interesadas podr\u00e1n ejercer respecto a ANDREU BOET EQUIPAMENTS, SL los derechos de acceso, rectificaci\u00f3n, supresi\u00f3n, portabilidad, y oposici\u00f3n o limitaci\u00f3n al tratamiento de sus datos personales, por medio de un escrito firmado dirigido a ANDREU BOET EQUIPAMENTS, SL, Passeig de Sant Gervasi, 33 - 08022 Barcelona, o envi\u00e1ndolo por email a la direccion abb@andreuboet.com o por fax al n\u00famero 93 418 63 42, a\u00f1adiendo en cualquier caso la fotocopia del DNI de la persona interesada.<\/p>\n<p>ANDREU BOET EQUIPAMENTS, SL guardar\u00e1 los datos de car\u00e1cter personal que haya recogido, y adoptar\u00e1 las medidas necesarias para evitar su alteraci\u00f3n, p\u00e9rdida, tratamiento o acceso no autorizado. ANDREU BOET EQUIPAMENTS, SL cumplir\u00e1 con esta obligaci\u00f3n de conformidad con el Reglamento 2016\/679 (UE) del Parlamento Europeo y el Consejo de la Uni\u00f3n Europea (Reglamento General de Protecci\u00f3n de Datos) y todas las disposiciones posteriores.<\/p>\n<p>POL\u00cdTICA DE USO DE LAS COOKIES.<\/p>\n<p>\u00bfQu\u00e9 son las cookies?<\/p>\n<p>Una cookie es un fichero que se descarga en su ordenador al acceder a determinadas p\u00e1ginas web. Las cookies permiten a una p\u00e1gina web, entre otras cosas, almacenar y recuperar informaci\u00f3n sobre los h\u00e1bitos de navegaci\u00f3n de un usuario o de su equipo y, dependiendo de la informaci\u00f3n que contengan y de la forma en que utilice su equipo, pueden utilizarse para reconocer al usuario y facilitar la navegaci\u00f3n y el uso que el mismo hace de la p\u00e1gina web.<\/p>\n<p>\u00bfQu\u00e9 tipos de cookies utiliza esta p\u00e1gina web?<\/p>\n<p>\u2022 Google Analytics: conjunto de cookies de an\u00e1lisis de terceros: Son un conjunto de cookies que, tratadas por un tercero (google), nos permiten cuantificar, de manera an\u00f3nima, el n\u00famero de usuarios que acceden a la nuestra p\u00e1gina web, y el uso que hacen de las distintas opciones, servicios e informaci\u00f3n presentes, para efectuar un an\u00e1lisis estad\u00edstico de su uso por parte de los usuarios en general, con el objetivo de mejorar el servicio y el abanico de ofertas que les ofrecemos.\u2028\u2028\u2022 Google Maps: conjunto de cookies de personalizaci\u00f3n de terceros: Este conjunto de cookies permiten, a partir de la localizaci\u00f3n geogr\u00e1fica del usuario sobre Google Maps (si el usuario la tiene activada) indicarle c\u00f3mo llegar a nuestras oficinas, y con qu\u00e9 medio de transporte, recordar su \u00faltima localizaci\u00f3n, etc..<br \/>\n\u2022 Cookie propia de configuraci\u00f3n de idioma: esta cookie recuerda el idioma de acceso del usuario a nuestra p\u00e1gina web, para que no tenga que escogerlo cada vez que acceda.<\/p>\n<p>Puede usted permitir, bloquear o eliminar las cookies instaladas en su equipo mediante la configuraci\u00f3n de las opciones del navegador instalado en su ordenador.<\/p><\/div>\n<\/div><!-- .row (end) -->","protected":false},"excerpt":{"rendered":"","protected":false},"author":1,"featured_media":0,"parent":0,"menu_order":10,"comment_status":"closed","ping_status":"closed","template":"page-fullwidth.php","meta":{"footnotes":""},"class_list":["post-169","page","type-page","status-publish","hentry"],"_links":{"self":[{"href":"https:\/\/centriboet.com\/es\/wp-json\/wp\/v2\/pages\/169","targetHints":{"allow":["GET"]}}],"collection":[{"href":"https:\/\/centriboet.com\/es\/wp-json\/wp\/v2\/pages"}],"about":[{"href":"https:\/\/centriboet.com\/es\/wp-json\/wp\/v2\/types\/page"}],"author":[{"embeddable":true,"href":"https:\/\/centriboet.com\/es\/wp-json\/wp\/v2\/users\/1"}],"replies":[{"embeddable":true,"href":"https:\/\/centriboet.com\/es\/wp-json\/wp\/v2\/comments?post=169"}],"version-history":[{"count":25,"href":"https:\/\/centriboet.com\/es\/wp-json\/wp\/v2\/pages\/169\/revisions"}],"predecessor-version":[{"id":3189,"href":"https:\/\/centriboet.com\/es\/wp-json\/wp\/v2\/pages\/169\/revisions\/3189"}],"wp:attachment":[{"href":"https:\/\/centriboet.com\/es\/wp-json\/wp\/v2\/media?parent=169"}],"curies":[{"name":"wp","href":"https:\/\/api.w.org\/{rel}","templated":true}]}}