
{"id":1797,"date":"2011-07-14T19:45:29","date_gmt":"2011-07-14T19:45:29","guid":{"rendered":"https:\/\/centriboet.com\/about\/"},"modified":"2017-07-18T09:54:47","modified_gmt":"2017-07-18T09:54:47","slug":"about-us","status":"publish","type":"page","link":"https:\/\/centriboet.com\/es\/about-us\/","title":{"rendered":"Empresa"},"content":{"rendered":"<h2>Sobre nosotros<\/h2>\n<div class=\"row \">\n<div class=\"span8 \"><div class=\"row \">\n<div class=\"span3 \"><p><img loading=\"lazy\" decoding=\"async\" class=\"alignnone size-medium wp-image-2274\" src=\"https:\/\/centriboet.com\/wp-content\/uploads\/2011\/07\/Empresa_02-300x225.jpg\" alt=\"\" width=\"300\" height=\"225\" srcset=\"https:\/\/centriboet.com\/wp-content\/uploads\/2011\/07\/Empresa_02-300x225.jpg 300w, https:\/\/centriboet.com\/wp-content\/uploads\/2011\/07\/Empresa_02-200x150.jpg 200w, https:\/\/centriboet.com\/wp-content\/uploads\/2011\/07\/Empresa_02.jpg 400w\" sizes=\"auto, (max-width: 300px) 100vw, 300px\" \/><\/p><\/div>\n<div class=\"span5 \"><p>CENTRIBOET es una empresa que se dedica al alquiler de unidades m\u00f3viles de deshidrataci\u00f3n de fangos, en base a centr\u00edfugas decantadoras con capacidades de tratamiento que van desde los\u00a0 3 m\u00b3\/h hasta los 90 m\u00b3\/h de caudal hidr\u00e1ulico, y que llevan dando servicio al sector del medio ambiente desde hace m\u00e1s de 25 a\u00f1os, cuando alquilamos la primera unidad m\u00f3vil de deshidrataci\u00f3n de fangos a una depuradora de aguas residuales industriales.<\/p>\n<p>Nuestra especializaci\u00f3n en las centr\u00edfugas decantadoras nos permite tambi\u00e9n dar servicio de reparaci\u00f3n y reacondicionamiento de equipos de centrifugaci\u00f3n y para ello disponemos de talleres propios con un equipo de especialistas para los trabajos de soldadura, equilibrado, pintura, etc.<\/p>\n<p>Toda la experiencia de estos a\u00f1os en el alquiler y reparaci\u00f3n de centr\u00edfugas decantadoras nos ha servido tambi\u00e9n para fabricar las centr\u00edfugas CENTRIBOET, dise\u00f1adas para responder a las necesidades de deshidrataci\u00f3n de fangoscon una alta carga de s\u00f3lidos.<\/p>\n<p>Con las soluciones m\u00f3viles y fijas de deshidrataci\u00f3n de fangos de CENTRIBOET damos servicio en toda Europa y en Am\u00e9rica del Sur, que presta nuestro equipo de especialistas y que son la garant\u00eda de una soluci\u00f3n \u00f3ptima, en el momento oportuno, en su sitio y a buen precio.<\/p>\n<p><a href=\"https:\/\/centriboet.com\/wp-content\/uploads\/2017\/03\/Folleto.pdf\"><span style=\"color: #3366ff;\">Folleto en PDF<\/span><\/a><\/p><\/div>\n<\/div> <!-- .row (end) --><\/div>\n<div class=\"span4 \"><div class=\"list styled ok-circle-list\">\n<p><img loading=\"lazy\" decoding=\"async\" class=\"alignnone size-medium wp-image-2322\" src=\"https:\/\/centriboet.com\/wp-content\/uploads\/2011\/07\/Soluciones_01-300x225.jpg\" alt=\"\" width=\"300\" height=\"225\" srcset=\"https:\/\/centriboet.com\/wp-content\/uploads\/2011\/07\/Soluciones_01-300x225.jpg 300w, https:\/\/centriboet.com\/wp-content\/uploads\/2011\/07\/Soluciones_01-200x150.jpg 200w, https:\/\/centriboet.com\/wp-content\/uploads\/2011\/07\/Soluciones_01.jpg 400w\" sizes=\"auto, (max-width: 300px) 100vw, 300px\" \/><\/p>\n<p><img loading=\"lazy\" decoding=\"async\" class=\"alignnone size-medium wp-image-2323\" src=\"https:\/\/centriboet.com\/wp-content\/uploads\/2011\/07\/Soluciones_02-300x224.jpg\" alt=\"\" width=\"300\" height=\"224\" srcset=\"https:\/\/centriboet.com\/wp-content\/uploads\/2011\/07\/Soluciones_02-300x224.jpg 300w, https:\/\/centriboet.com\/wp-content\/uploads\/2011\/07\/Soluciones_02-200x150.jpg 200w, https:\/\/centriboet.com\/wp-content\/uploads\/2011\/07\/Soluciones_02.jpg 400w\" sizes=\"auto, (max-width: 300px) 100vw, 300px\" \/><\/p>\n<\/div><\/div>\n<\/div><!-- .row (end) -->\n<div class=\"content_box extrabox_2 \"><div class=\"clear\"><\/div><\/div><!-- .content_box (end) -->\n<h3>Como especialistas en centr\u00edfugas, las principales soluciones que les podemos aportar:<\/h3>\n<div class=\"span2 \"><strong>Deshidrataci\u00f3n de fangos y separaci\u00f3n s\u00f3lido\/l\u00edquido<\/strong><br \/><\/div>\n<div class=\"span2 \"><strong>Vaciado y deshidrataci\u00f3n de fangos de digestores anaerobios<\/strong><br \/><\/div>\n<div class=\"span2 \"><strong>Vaciado y deshidrataci\u00f3n de fangos de balsas industriales<\/strong><br \/><\/div>\n<div class=\"span2 \"><strong>Vaciado y deshidrataci\u00f3n de fangos de lagunajes<\/strong><br \/><\/div>\n<div class=\"span2 \"><strong>Vaciado y deshidrataci\u00f3n de fangos de dragados<\/strong><br \/><\/div>\n<div class=\"span2 \"><strong>Espesamiento mec\u00e1nico de fangos<\/strong><br \/><\/div>\n<div class=\"clear\"><\/div><\/div><!-- .content_box (end) -->\n<div class=\"content_box extrabox_2 \">\n<div class=\"span2 \"><strong>Sustituci\u00f3n de equipos para trabajos de mantenimiento y reparaci\u00f3n<\/strong><br \/><\/div>\n<div class=\"span2 \"><strong>Reparaci\u00f3n y optimizaci\u00f3n de centr\u00edfugas decantadoras<\/strong><br \/><\/div>\n<div class=\"span2 \"><strong>Centr\u00edfugas para contenidos altos de s\u00f3lidos<\/strong><br \/><\/div>\n<div class=\"span2 \"><strong>Venta de centr\u00edfugas nuevas y reacondicionadas<\/strong><br \/><\/div>\n<div class=\"span2 \"><strong>Servicio postventa de equipos hidr\u00e1ulicos Viscotherm<\/strong><br \/><\/div>\n<div class=\"clear\"><\/div><\/div><!-- .content_box (end) -->\n<div class=\"content_box extrabox_3 \">\n<h2>VIDEOS:<\/h2>\n<div class=\"row \">\n<div class=\"span3 \"><span class=\"dropcap\">1<\/span><!-- .dropcap (end) -->\n<p><iframe loading=\"lazy\" width=\"400\" height=\"300\" src=\"https:\/\/www.youtube.com\/embed\/xcCwZBkpjSk?feature=oembed\" frameborder=\"0\" allowfullscreen><\/iframe><\/p><\/div>\n<div class=\"span3 \"><span class=\"dropcap\">2<\/span><!-- .dropcap (end) -->\n<p><iframe loading=\"lazy\" width=\"533\" height=\"300\" src=\"https:\/\/www.youtube.com\/embed\/wZjeVVJL5lo?feature=oembed\" frameborder=\"0\" allowfullscreen><\/iframe><\/p><\/div>\n<div class=\"span3 \"><span class=\"dropcap\">3<\/span><!-- .dropcap (end) -->\n<p><iframe loading=\"lazy\" width=\"400\" height=\"300\" src=\"https:\/\/www.youtube.com\/embed\/axq382E9WQ8?feature=oembed\" frameborder=\"0\" allowfullscreen><\/iframe><\/p><\/div>\n<div class=\"span3 \"><span class=\"dropcap\">4<\/span><!-- .dropcap (end) -->\n<p><iframe loading=\"lazy\" width=\"400\" height=\"300\" src=\"https:\/\/www.youtube.com\/embed\/QBh628wcgL0?feature=oembed\" frameborder=\"0\" allowfullscreen><\/iframe><\/p><\/div>\n<\/div><!-- .row (end) -->\n<div class=\"clear\"><\/div><\/div><!-- .content_box (end) -->\n<div class=\"content_box extrabox_5 \">\n<h2><\/h2>","protected":false},"excerpt":{"rendered":"<p>Disculpa, pero esta entrada est\u00e1 disponible s\u00f3lo en English.<\/p>\n","protected":false},"author":1,"featured_media":0,"parent":0,"menu_order":1,"comment_status":"closed","ping_status":"closed","template":"page-fullwidth.php","meta":{"footnotes":""},"class_list":["post-1797","page","type-page","status-publish","hentry"],"_links":{"self":[{"href":"https:\/\/centriboet.com\/es\/wp-json\/wp\/v2\/pages\/1797","targetHints":{"allow":["GET"]}}],"collection":[{"href":"https:\/\/centriboet.com\/es\/wp-json\/wp\/v2\/pages"}],"about":[{"href":"https:\/\/centriboet.com\/es\/wp-json\/wp\/v2\/types\/page"}],"author":[{"embeddable":true,"href":"https:\/\/centriboet.com\/es\/wp-json\/wp\/v2\/users\/1"}],"replies":[{"embeddable":true,"href":"https:\/\/centriboet.com\/es\/wp-json\/wp\/v2\/comments?post=1797"}],"version-history":[{"count":75,"href":"https:\/\/centriboet.com\/es\/wp-json\/wp\/v2\/pages\/1797\/revisions"}],"predecessor-version":[{"id":2935,"href":"https:\/\/centriboet.com\/es\/wp-json\/wp\/v2\/pages\/1797\/revisions\/2935"}],"wp:attachment":[{"href":"https:\/\/centriboet.com\/es\/wp-json\/wp\/v2\/media?parent=1797"}],"curies":[{"name":"wp","href":"https:\/\/api.w.org\/{rel}","templated":true}]}}