
{"id":203,"date":"2011-09-14T09:45:02","date_gmt":"2011-09-14T09:45:02","guid":{"rendered":"https:\/\/centriboet.com\/"},"modified":"2019-02-22T08:56:53","modified_gmt":"2019-02-22T08:56:53","slug":"main","status":"publish","type":"page","link":"https:\/\/centriboet.com\/es\/","title":{"rendered":"Inicio"},"content":{"rendered":"<div class=\"content_box extrabox_1 \"><section class=\"lazy-load-box trigger effect-slidefromleft \" data-delay=\"10\" data-speed=\"550\" style=\"-webkit-transition: all 550ms ease; -moz-transition: all 550ms ease; -ms-transition: all 550ms ease; -o-transition: all 550ms ease; transition: all 550ms ease;\"><div class=\"hero-unit \"><h1>nuestros servicios<\/h1><\/div><!-- .hero-unit (end) --><\/section><div class=\"row \"><div class=\"span3 \"><section class=\"lazy-load-box trigger effect-slidefromleft \" data-delay=\"400\" data-speed=\"550\" style=\"-webkit-transition: all 550ms ease; -moz-transition: all 550ms ease; -ms-transition: all 550ms ease; -o-transition: all 550ms ease; transition: all 550ms ease;\"><div class=\"banner-wrap extrabanner_1\"><figure class=\"featured-thumbnail\"><a href=\"https:\/\/centriboet.com\/es\/rent\/\" title=\"Alquiler de centr\u00edfugas\"><img decoding=\"async\" src=\"https:\/\/centriboet.com\/wp-content\/uploads\/2017\/02\/banner-1.jpg\" title=\"Alquiler de centr\u00edfugas\" alt=\"\" \/><\/a><\/figure><div class=\"extra-wrap\"><h5>Alquiler de centr\u00edfugas<\/h5><p>Unidades m\u00f3viles de centrifugaci\u00f3n en alquiler para tratar caudales hasta 90 m3\/h.<\/p><div class=\"link-align banner-btn\"><a href=\"https:\/\/centriboet.com\/es\/rent\/\" title=\"m\u00e1s\" class=\"btn btn-link\" target=\"_self\">m\u00e1s<\/a><\/div><\/div><\/div><!-- .banner-wrap (end) --><\/section><\/div><div class=\"span3 \"><section class=\"lazy-load-box trigger effect-slidefromleft \" data-delay=\"100\" data-speed=\"550\" style=\"-webkit-transition: all 550ms ease; -moz-transition: all 550ms ease; -ms-transition: all 550ms ease; -o-transition: all 550ms ease; transition: all 550ms ease;\"><div class=\"banner-wrap extrabanner_1\"><figure class=\"featured-thumbnail\"><a href=\" https:\/\/centriboet.com\/es\/repairing\/\" title=\"Reparaci\u00f3n de centri\u00edfugas\"><img decoding=\"async\" src=\"https:\/\/centriboet.com\/wp-content\/uploads\/2017\/07\/Reparacio.jpg\" title=\"Reparaci\u00f3n de centri\u00edfugas\" alt=\"\" \/><\/a><\/figure><div class=\"extra-wrap\"><h5>Reparaci\u00f3n de centri\u00edfugas<\/h5><p>Taller especializado en la reparaci\u00f3n y reacondicionamiento de centr\u00edfugas<\/p><div class=\"link-align banner-btn\"><a href=\" https:\/\/centriboet.com\/es\/repairing\/\" title=\"m\u00e1s\" class=\"btn btn-link\" target=\"_self\">m\u00e1s<\/a><\/div><\/div><\/div><!-- .banner-wrap (end) --><\/section><\/div><div class=\"span3 \"><section class=\"lazy-load-box trigger effect-slidefromright \" data-delay=\"200\" data-speed=\"550\" style=\"-webkit-transition: all 550ms ease; -moz-transition: all 550ms ease; -ms-transition: all 550ms ease; -o-transition: all 550ms ease; transition: all 550ms ease;\"><div class=\"banner-wrap extrabanner_1\"><figure class=\"featured-thumbnail\"><a href=\"https:\/\/centriboet.com\/es\/fabrication\/\" title=\"Fabricaci\u00f3n de centr\u00edfugas\"><img decoding=\"async\" src=\"https:\/\/centriboet.com\/wp-content\/uploads\/2017\/02\/banner-3.jpg\" title=\"Fabricaci\u00f3n de centr\u00edfugas\" alt=\"\" \/><\/a><\/figure><div class=\"extra-wrap\"><h5>Fabricaci\u00f3n de centr\u00edfugas<\/h5><p>Centr\u00edfugas de alto rendimiento para trabajar en las condiciones m\u00e1s exigentes<\/p><div class=\"link-align banner-btn\"><a href=\"https:\/\/centriboet.com\/es\/fabrication\/\" title=\"m\u00e1s\" class=\"btn btn-link\" target=\"_self\">m\u00e1s<\/a><\/div><\/div><\/div><!-- .banner-wrap (end) --><\/section><\/div><div class=\"span3 \"><section class=\"lazy-load-box trigger effect-slidefromright \" data-delay=\"300\" data-speed=\"550\" style=\"-webkit-transition: all 550ms ease; -moz-transition: all 550ms ease; -ms-transition: all 550ms ease; -o-transition: all 550ms ease; transition: all 550ms ease;\"><div class=\"banner-wrap extrabanner_1\"><figure class=\"featured-thumbnail\"><a href=\"https:\/\/centriboet.com\/es\/additional-services\/\" title=\"Servicios adicionales\"><img decoding=\"async\" src=\"https:\/\/centriboet.com\/wp-content\/uploads\/2017\/02\/banner-4.jpg\" title=\"Servicios adicionales\" alt=\"\" \/><\/a><\/figure><div class=\"extra-wrap\"><h5>Servicios adicionales<\/h5><p>Equipos para tratar in situ fangos de dragado, de lagunas y de digestores<\/p><div class=\"link-align banner-btn\"><a href=\"https:\/\/centriboet.com\/es\/additional-services\/\" title=\"m\u00e1s\" class=\"btn btn-link\" target=\"_self\">m\u00e1s<\/a><\/div><\/div><\/div><!-- .banner-wrap (end) --><\/section><\/div><\/div><!-- .row (end) --><div class=\"clear\"><\/div><\/div><!-- .content_box (end) --><div class=\"row \"><div class=\"span12 \"><div class=\"content_box extrabox_2 \"><section class=\"lazy-load-box trigger effect-slideup \" data-delay=\"50\" data-speed=\"550\" style=\"-webkit-transition: all 550ms ease; -moz-transition: all 550ms ease; -ms-transition: all 550ms ease; -o-transition: all 550ms ease; transition: all 550ms ease;\">\n<div class=\"extra-wrap\">\n<h1>Un servicio de alquiler simple, fiable y eficaz<\/h1>\n<p>Las unidades m\u00f3viles de alquiler ofrecen soluciones flexibles para reemplazar o complementar sus instalaciones de deshidrataci\u00f3n de lodos.<\/p>\n<\/div><a href=\"https:\/\/centriboet.com\/es\/technical-specifications\/\" title=\"saber m\u00e1s\" class=\"btn btn-primary btn-normal btn-inline extrabutton_1\" target=\"_self\">saber m\u00e1s<\/a><!-- .btn --><\/section><div class=\"clear\"><\/div><\/div><!-- .content_box (end) --><\/div><\/div><!-- .row (end) --><div class=\"row \"><div class=\"span4 extrastyle_1\"><section class=\"lazy-load-box trigger effect-slidefromleft \" data-delay=\"50\" data-speed=\"550\" style=\"-webkit-transition: all 550ms ease; -moz-transition: all 550ms ease; -ms-transition: all 550ms ease; -o-transition: all 550ms ease; transition: all 550ms ease;\">\n<h2>Clientes<\/h2>\n<\/section><section class=\"lazy-load-box trigger effect-slidefromleft \" data-delay=\"150\" data-speed=\"550\" style=\"-webkit-transition: all 550ms ease; -moz-transition: all 550ms ease; -ms-transition: all 550ms ease; -o-transition: all 550ms ease; transition: all 550ms ease;\">\n<p>AGBAR \/ AQUALOGY \/ ACSA \/ AG\u00c8NCIA CATALANA DE L\u2019AIGUA \/ SUEZ \/ COMSA \/ URBASER \/ BIOIB\u00c8RICA \/ COCA-COLA \/ LUCTA \/ SAUR \/ KELLOGG\u2019S \/ BACARDI \/ VALORGA \/ VEOLIA EAU \/ DANONE \/ SIMMAR \/ SMURFIT \/ ENCE \/ TRADEBE \/ CADAGUA \/ ADOBINVE \/ TOTAL \/ AG\u00c8NCIA BALEAR DE L\u2019AIGUA \/ PATEL \/ SOLVAY \/ ACCIONA \/ L'OREAL \/ NESTL\u00c9 \/ BASF ...<\/p>\n<\/section><section class=\"lazy-load-box trigger effect-slidefromleft \" data-delay=\"250\" data-speed=\"550\" style=\"-webkit-transition: all 550ms ease; -moz-transition: all 550ms ease; -ms-transition: all 550ms ease; -o-transition: all 550ms ease; transition: all 550ms ease;\"><a href=\"https:\/\/centriboet.com\/es\/clients\/\" title=\"m\u00e1s\" class=\"btn btn-primary btn-normal btn-inline \" target=\"_self\">m\u00e1s<\/a><!-- .btn --><\/section><\/div><div class=\"span1 \"><\/div><div class=\"span3 extrastyle_1\"><section class=\"lazy-load-box trigger effect-slidefromright \" data-delay=\"100\" data-speed=\"550\" style=\"-webkit-transition: all 550ms ease; -moz-transition: all 550ms ease; -ms-transition: all 550ms ease; -o-transition: all 550ms ease; transition: all 550ms ease;\">\n<h2>Trabajos realizados<\/h2>\n<\/section><section class=\"lazy-load-box trigger effect-slidefromright \" data-delay=\"200\" data-speed=\"550\" style=\"-webkit-transition: all 550ms ease; -moz-transition: all 550ms ease; -ms-transition: all 550ms ease; -o-transition: all 550ms ease; transition: all 550ms ease;\">\n<p>Las soluciones m\u00f3viles de deshidrataci\u00f3n de fangos desarrolladas desde hace m\u00e1s de 25 a\u00f1os por Centriboet, son la respuesta a las necesidades y retos de la industria de la depuraci\u00f3n de aguas residuales. Aqu\u00ed pueden ver una muestra de algunos de los trabajos realizados por nuestros equipos.<\/p>\n<\/section><section class=\"lazy-load-box trigger effect-slidefromright \" data-delay=\"250\" data-speed=\"550\" style=\"-webkit-transition: all 550ms ease; -moz-transition: all 550ms ease; -ms-transition: all 550ms ease; -o-transition: all 550ms ease; transition: all 550ms ease;\"><a href=\"https:\/\/centriboet.com\/es\/our-work\/\" title=\"m\u00e1s\" class=\"btn btn-primary btn-normal btn-inline \" target=\"_self\">m\u00e1s<\/a><!-- .btn --><\/section><\/div><div class=\"span1 \"><\/div><div class=\"span3 \"><section class=\"lazy-load-box trigger effect-slidefromright \" data-delay=\"300\" data-speed=\"550\" style=\"-webkit-transition: all 550ms ease; -moz-transition: all 550ms ease; -ms-transition: all 550ms ease; -o-transition: all 550ms ease; transition: all 550ms ease;\">\n<h2>\u00daltimas noticias<\/h2>\n<\/section><section class=\"lazy-load-box trigger effect-slidefromright \" data-delay=\"350\" data-speed=\"550\" style=\"-webkit-transition: all 550ms ease; -moz-transition: all 550ms ease; -ms-transition: all 550ms ease; -o-transition: all 550ms ease; transition: all 550ms ease;\"><ul class=\"recent-posts extrarecentpost_1 unstyled\"><li class=\"recent-posts_li post-3088 post type-post status-publish format-standard hentry category-sin-categoria cat-1-id  list-item-0\"><span class=\"meta\"><span class=\"post-date\">15.10<\/span><\/span><h5><a href=\"https:\/\/centriboet.com\/es\/descontaminacio-i-limpieza-utilitzant-unidats-mobils-de-deshidratacio\/\" title=\"Descontaminaci\u00f3n y limpieza utilizando centr\u00edfugas\">Descontaminaci\u00f3n y limpieza utilizando centr\u00edfugas<\/a><\/h5><div class=\"excerpt\">V\u00eddeo a\u00e9reo de los trabajos de descontaminaci\u00f3n... <\/div><a href=\"https:\/\/centriboet.com\/es\/descontaminacio-i-limpieza-utilitzant-unidats-mobils-de-deshidratacio\/\" class=\"btn btn-primary\" title=\"Descontaminaci\u00f3n y limpieza utilizando centr\u00edfugas\">leer m\u00e1s<\/a><div class=\"clear\"><\/div><\/li><!-- .entry (end) --><li class=\"recent-posts_li post-3058 post type-post status-publish format-standard hentry category-sin-categoria cat-1-id  list-item-1\"><span class=\"meta\"><span class=\"post-date\">24.07<\/span><\/span><h5><a href=\"https:\/\/centriboet.com\/es\/com-fer-front-als-excesos-puntuals\/\" title=\"C\u00d3MO HACER FRENTE A LOS EXCESOS PUNTUALES\">C\u00d3MO HACER FRENTE A LOS EXCESOS PUNTUALES<\/a><\/h5><div class=\"excerpt\">En la depuraci\u00f3n industrial y urbana es... <\/div><a href=\"https:\/\/centriboet.com\/es\/com-fer-front-als-excesos-puntuals\/\" class=\"btn btn-primary\" title=\"C\u00d3MO HACER FRENTE A LOS EXCESOS PUNTUALES\">leer m\u00e1s<\/a><div class=\"clear\"><\/div><\/li><!-- .entry (end) --><li class=\"recent-posts_li post-2973 post type-post status-publish format-standard hentry category-sin-categoria cat-1-id  list-item-2\"><span class=\"meta\"><span class=\"post-date\">12.06<\/span><\/span><h5><a href=\"https:\/\/centriboet.com\/es\/buidat-de-basses-i-llacunes\/\" title=\"Vaciado de balsas y lagunajes\">Vaciado de balsas y lagunajes<\/a><\/h5><div class=\"excerpt\">En el caso de balsas industriales y... <\/div><a href=\"https:\/\/centriboet.com\/es\/buidat-de-basses-i-llacunes\/\" class=\"btn btn-primary\" title=\"Vaciado de balsas y lagunajes\">leer m\u00e1s<\/a><div class=\"clear\"><\/div><\/li><!-- .entry (end) --><\/ul><!-- .recent-posts (end) --><\/section><\/div><\/div><!-- .row (end) -->","protected":false},"excerpt":{"rendered":"","protected":false},"author":1,"featured_media":0,"parent":0,"menu_order":0,"comment_status":"closed","ping_status":"closed","template":"page-home.php","meta":{"footnotes":""},"class_list":["post-203","page","type-page","status-publish","hentry","cat-1-id"],"_links":{"self":[{"href":"https:\/\/centriboet.com\/es\/wp-json\/wp\/v2\/pages\/203","targetHints":{"allow":["GET"]}}],"collection":[{"href":"https:\/\/centriboet.com\/es\/wp-json\/wp\/v2\/pages"}],"about":[{"href":"https:\/\/centriboet.com\/es\/wp-json\/wp\/v2\/types\/page"}],"author":[{"embeddable":true,"href":"https:\/\/centriboet.com\/es\/wp-json\/wp\/v2\/users\/1"}],"replies":[{"embeddable":true,"href":"https:\/\/centriboet.com\/es\/wp-json\/wp\/v2\/comments?post=203"}],"version-history":[{"count":249,"href":"https:\/\/centriboet.com\/es\/wp-json\/wp\/v2\/pages\/203\/revisions"}],"predecessor-version":[{"id":3190,"href":"https:\/\/centriboet.com\/es\/wp-json\/wp\/v2\/pages\/203\/revisions\/3190"}],"wp:attachment":[{"href":"https:\/\/centriboet.com\/es\/wp-json\/wp\/v2\/media?parent=203"}],"curies":[{"name":"wp","href":"https:\/\/api.w.org\/{rel}","templated":true}]}}