
{"id":2376,"date":"2017-02-22T14:52:50","date_gmt":"2017-02-22T14:52:50","guid":{"rendered":"https:\/\/centriboet.com\/?page_id=2376"},"modified":"2018-05-24T16:48:20","modified_gmt":"2018-05-24T16:48:20","slug":"sol%c2%b7licitar-pressupost","status":"publish","type":"page","link":"https:\/\/centriboet.com\/es\/sol%c2%b7licitar-pressupost\/","title":{"rendered":"Solicitar presupuesto"},"content":{"rendered":"<div class=\"wpcf7 no-js\" id=\"wpcf7-f2387-o4\" lang=\"es-ES\" dir=\"ltr\" data-wpcf7-id=\"2387\">\n<div class=\"screen-reader-response\"><p role=\"status\" aria-live=\"polite\" aria-atomic=\"true\"><\/p> <ul><\/ul><\/div>\n<form action=\"\/es\/wp-json\/wp\/v2\/pages\/2376#wpcf7-f2387-o4\" method=\"post\" class=\"wpcf7-form init\" aria-label=\"Formulario de contacto\" novalidate=\"novalidate\" data-status=\"init\">\n<fieldset class=\"hidden-fields-container\"><input type=\"hidden\" name=\"_wpcf7\" value=\"2387\" \/><input type=\"hidden\" name=\"_wpcf7_version\" value=\"6.1.5\" \/><input type=\"hidden\" name=\"_wpcf7_locale\" value=\"es_ES\" \/><input type=\"hidden\" name=\"_wpcf7_unit_tag\" value=\"wpcf7-f2387-o4\" \/><input type=\"hidden\" name=\"_wpcf7_container_post\" value=\"0\" \/><input type=\"hidden\" name=\"_wpcf7_posted_data_hash\" value=\"\" \/>\n<\/fieldset>\n<div class=\"row-fluid\">\n\t<p class=\"span4 field\"><span class=\"wpcf7-form-control-wrap\" data-name=\"NOMBRE\"><input size=\"40\" maxlength=\"400\" class=\"wpcf7-form-control wpcf7-text wpcf7-validates-as-required\" aria-required=\"true\" aria-invalid=\"false\" placeholder=\"NOMBRE\" value=\"\" type=\"text\" name=\"NOMBRE\" \/><\/span>\n\t<\/p>\n\t<p class=\"span4 field\"><span class=\"wpcf7-form-control-wrap\" data-name=\"APELLIDO\"><input size=\"40\" maxlength=\"400\" class=\"wpcf7-form-control wpcf7-text wpcf7-validates-as-required\" aria-required=\"true\" aria-invalid=\"false\" placeholder=\"APELLIDO\" value=\"\" type=\"text\" name=\"APELLIDO\" \/><\/span>\n\t<\/p>\n\t<p class=\"span4 field\"><span class=\"wpcf7-form-control-wrap\" data-name=\"TRATAMIENTO\"><input size=\"40\" maxlength=\"400\" class=\"wpcf7-form-control wpcf7-text\" aria-invalid=\"false\" placeholder=\"TRATAMIENTO\" value=\"\" type=\"text\" name=\"TRATAMIENTO\" \/><\/span>\n\t<\/p>\n\t<p class=\"span3 field\"><span class=\"wpcf7-form-control-wrap\" data-name=\"EMPRESA\"><input size=\"40\" maxlength=\"400\" class=\"wpcf7-form-control wpcf7-text wpcf7-validates-as-required\" aria-required=\"true\" aria-invalid=\"false\" placeholder=\"EMPRESA\" value=\"\" type=\"text\" name=\"EMPRESA\" \/><\/span>\n\t<\/p>\n\t<p class=\"span3 field\"><span class=\"wpcf7-form-control-wrap\" data-name=\"PAIS\"><input size=\"40\" maxlength=\"400\" class=\"wpcf7-form-control wpcf7-text wpcf7-validates-as-required\" aria-required=\"true\" aria-invalid=\"false\" placeholder=\"PAIS\" value=\"\" type=\"text\" name=\"PAIS\" \/><\/span>\n\t<\/p>\n\t<p class=\"span3 field\"><span class=\"wpcf7-form-control-wrap\" data-name=\"EMAIL\"><input size=\"40\" maxlength=\"400\" class=\"wpcf7-form-control wpcf7-email wpcf7-validates-as-required wpcf7-text wpcf7-validates-as-email\" aria-required=\"true\" aria-invalid=\"false\" placeholder=\"EMAIL\" value=\"\" type=\"email\" name=\"EMAIL\" \/><\/span>\n\t<\/p>\n\t<p class=\"span9 field\"><span class=\"wpcf7-form-control-wrap\" data-name=\"DIRECCION\"><input size=\"40\" maxlength=\"400\" class=\"wpcf7-form-control wpcf7-text wpcf7-validates-as-required\" aria-required=\"true\" aria-invalid=\"false\" placeholder=\"DIRECCION\" value=\"\" type=\"text\" name=\"DIRECCION\" \/><\/span>\n\t<\/p>\n\t<p class=\" field\">\n\t<\/p>\n\t<p class=\"span3 field\"><span class=\"wpcf7-form-control-wrap\" data-name=\"CIUDAD\"><input size=\"40\" maxlength=\"400\" class=\"wpcf7-form-control wpcf7-text wpcf7-validates-as-required\" aria-required=\"true\" aria-invalid=\"false\" placeholder=\"CIUDAD\" value=\"\" type=\"text\" name=\"CIUDAD\" \/><\/span>\n\t<\/p>\n\t<p class=\"span3 field\"><span class=\"wpcf7-form-control-wrap\" data-name=\"PROVINCIA\"><input size=\"40\" maxlength=\"400\" class=\"wpcf7-form-control wpcf7-text wpcf7-validates-as-required\" aria-required=\"true\" aria-invalid=\"false\" placeholder=\"PROVINCIA\" value=\"\" type=\"text\" name=\"PROVINCIA\" \/><\/span>\n\t<\/p>\n\t<p class=\"span3 field\"><span class=\"wpcf7-form-control-wrap\" data-name=\"CODIGOPOSTAL\"><input size=\"40\" maxlength=\"400\" class=\"wpcf7-form-control wpcf7-text wpcf7-validates-as-required\" aria-required=\"true\" aria-invalid=\"false\" placeholder=\"CODIGO POSTAL\" value=\"\" type=\"text\" name=\"CODIGOPOSTAL\" \/><\/span>\n\t<\/p>\n\t<p class=\"span4 field\"><span class=\"wpcf7-form-control-wrap\" data-name=\"TELEFONO\"><input size=\"40\" maxlength=\"400\" class=\"wpcf7-form-control wpcf7-tel wpcf7-validates-as-required wpcf7-text wpcf7-validates-as-tel\" aria-required=\"true\" aria-invalid=\"false\" placeholder=\"TELEFONO\" value=\"\" type=\"tel\" name=\"TELEFONO\" \/><\/span>\n\t<\/p>\n\t<p class=\"span5 field\"><span class=\"wpcf7-form-control-wrap\" data-name=\"FAX\"><input size=\"40\" maxlength=\"400\" class=\"wpcf7-form-control wpcf7-tel wpcf7-text wpcf7-validates-as-tel\" aria-invalid=\"false\" placeholder=\"FAX\" value=\"\" type=\"tel\" name=\"FAX\" \/><\/span>\n\t<\/p>\n<\/div>\n<hr \/>\n<div class=\"row-fluid\">\n\t<h3>Informaci\u00f3n sobre el proyecto\n\t<\/h3>\n\t<p class=\"span3 field\"><span class=\"wpcf7-form-control-wrap\" data-name=\"FECHADEINICIO\"><input size=\"40\" maxlength=\"400\" class=\"wpcf7-form-control wpcf7-text wpcf7-validates-as-required\" aria-required=\"true\" aria-invalid=\"false\" placeholder=\"FECHA DE INICIO\" value=\"\" type=\"text\" name=\"FECHADEINICIO\" \/><\/span>\n\t<\/p>\n\t<p class=\"span3 field\"><span class=\"wpcf7-form-control-wrap\" data-name=\"CIUDAD_02\"><input size=\"40\" maxlength=\"400\" class=\"wpcf7-form-control wpcf7-text wpcf7-validates-as-required\" aria-required=\"true\" aria-invalid=\"false\" placeholder=\"CIUDAD\" value=\"\" type=\"text\" name=\"CIUDAD_02\" \/><\/span>\n\t<\/p>\n\t<p class=\"span3 field\"><span class=\"wpcf7-form-control-wrap\" data-name=\"PROVINCIA_02\"><input size=\"40\" maxlength=\"400\" class=\"wpcf7-form-control wpcf7-text wpcf7-validates-as-required\" aria-required=\"true\" aria-invalid=\"false\" placeholder=\"PROVINCIA\" value=\"\" type=\"text\" name=\"PROVINCIA_02\" \/><\/span>\n\t<\/p>\n<\/div>\n<hr \/>\n<div class=\"row-fluid\">\n\t<h3>Seleccione el tipo de fango a tratar\n\t<\/h3>\n\t<p class=\"span12 field\"><span class=\"wpcf7-form-control-wrap\" data-name=\"fango_a_trata\"><span class=\"wpcf7-form-control wpcf7-checkbox wpcf7-validates-as-required\"><span class=\"wpcf7-list-item first\"><input type=\"checkbox\" name=\"fango_a_trata[]\" value=\"Fangos biol\u00f3gicos\" \/><span class=\"wpcf7-list-item-label\">Fangos biol\u00f3gicos<\/span><\/span><span class=\"wpcf7-list-item\"><input type=\"checkbox\" name=\"fango_a_trata[]\" value=\"Fangos f\u00edsico-qu\u00edmicos\" \/><span class=\"wpcf7-list-item-label\">Fangos f\u00edsico-qu\u00edmicos<\/span><\/span><span class=\"wpcf7-list-item\"><input type=\"checkbox\" name=\"fango_a_trata[]\" value=\"Fangos de digestor\" \/><span class=\"wpcf7-list-item-label\">Fangos de digestor<\/span><\/span><span class=\"wpcf7-list-item last\"><input type=\"checkbox\" name=\"fango_a_trata[]\" value=\"Otros\" \/><span class=\"wpcf7-list-item-label\">Otros<\/span><\/span><\/span><\/span>\n\t<\/p>\n<\/div>\n<hr \/>\n<div class=\"row-fluid\">\n\t<h3>Seleccione la duraci\u00f3n prevista del alquiler\n\t<\/h3>\n\t<p class=\"span12 field\"><span class=\"wpcf7-form-control-wrap\" data-name=\"duracion\"><span class=\"wpcf7-form-control wpcf7-checkbox wpcf7-validates-as-required\"><span class=\"wpcf7-list-item first\"><input type=\"checkbox\" name=\"duracion[]\" value=\"Menos de una semana\" \/><span class=\"wpcf7-list-item-label\">Menos de una semana<\/span><\/span><span class=\"wpcf7-list-item\"><input type=\"checkbox\" name=\"duracion[]\" value=\"Menos de un mes\" \/><span class=\"wpcf7-list-item-label\">Menos de un mes<\/span><\/span><span class=\"wpcf7-list-item\"><input type=\"checkbox\" name=\"duracion[]\" value=\"M\u00e1s de un mes\" \/><span class=\"wpcf7-list-item-label\">M\u00e1s de un mes<\/span><\/span><span class=\"wpcf7-list-item last\"><input type=\"checkbox\" name=\"duracion[]\" value=\"Otros\" \/><span class=\"wpcf7-list-item-label\">Otros<\/span><\/span><\/span><\/span>\n\t<\/p>\n<\/div>\n<hr \/>\n<div class=\"row-fluid\">\n\t<h3>Seleccione la concentraci\u00f3n de los fangos\n\t<\/h3>\n\t<p class=\"span12 field\"><span class=\"wpcf7-form-control-wrap\" data-name=\"concentracin_fangos\"><span class=\"wpcf7-form-control wpcf7-checkbox wpcf7-validates-as-required\"><span class=\"wpcf7-list-item first\"><input type=\"checkbox\" name=\"concentracin_fangos[]\" value=\"Menos del 1%\" \/><span class=\"wpcf7-list-item-label\">Menos del 1%<\/span><\/span><span class=\"wpcf7-list-item\"><input type=\"checkbox\" name=\"concentracin_fangos[]\" value=\"Entre el 1 y el 5%\" \/><span class=\"wpcf7-list-item-label\">Entre el 1 y el 5%<\/span><\/span><span class=\"wpcf7-list-item\"><input type=\"checkbox\" name=\"concentracin_fangos[]\" value=\"Entre el 5 y el 10%\" \/><span class=\"wpcf7-list-item-label\">Entre el 5 y el 10%<\/span><\/span><span class=\"wpcf7-list-item last\"><input type=\"checkbox\" name=\"concentracin_fangos[]\" value=\"M\u00e1s del 10%\" \/><span class=\"wpcf7-list-item-label\">M\u00e1s del 10%<\/span><\/span><\/span><\/span>\n\t<\/p>\n<\/div>\n<hr \/>\n<div class=\"row-fluid\">\n\t<h3>Seleccione los puntos siguientes\n\t<\/h3>\n\t<p class=\"span12 field\"><span class=\"wpcf7-form-control-wrap\" data-name=\"contact\"><span class=\"wpcf7-form-control wpcf7-checkbox\"><span class=\"wpcf7-list-item first\"><input type=\"checkbox\" name=\"contact[]\" value=\"Recibir llamada de un agente de ventas\" \/><span class=\"wpcf7-list-item-label\">Recibir llamada de un agente de ventas<\/span><\/span><span class=\"wpcf7-list-item\"><input type=\"checkbox\" name=\"contact[]\" value=\"Incorporar mis datos a lista de correo\" \/><span class=\"wpcf7-list-item-label\">Incorporar mis datos a lista de correo<\/span><\/span><span class=\"wpcf7-list-item last\"><input type=\"checkbox\" name=\"contact[]\" value=\"Que me envien una presentaci\u00f3n\" \/><span class=\"wpcf7-list-item-label\">Que me envien una presentaci\u00f3n<\/span><\/span><\/span><\/span>\n\t<\/p>\n<\/div>\n<hr \/>\n<p class=\"field\"><br \/>\n<span class=\"wpcf7-form-control-wrap\" data-name=\"your-message\"><textarea cols=\"40\" rows=\"10\" maxlength=\"2000\" class=\"wpcf7-form-control wpcf7-textarea\" aria-invalid=\"false\" name=\"your-message\"><\/textarea><\/span>\n<\/p>\n<p class=\"submit-wrap\"><input type=\"reset\" value=\"Limpiar\" class=\"btn btn-primary\" \/><input class=\"wpcf7-form-control wpcf7-submit has-spinner btn btn-primary\" type=\"submit\" value=\"Enviar\" \/>\n<\/p><div class=\"wpcf7-response-output\" aria-hidden=\"true\"><\/div>\n<\/form>\n<\/div>\n\n<p>De acuerdo con la Ley Org\u00e1nica 15\/1999 de Protecci\u00f3n de datos de Car\u00e1cter Personal y el Reglamento General de Protecci\u00f3n de Datos 2016\/679 UE, le informamos que los datos personales que Usted proporcione en el presente formulario, ser\u00e1n tratados automatizadamente e incluidos en los Ficheros responsabilidad de ANDREU BOET EQUIPAMENTS, SL. Los datos que Ud. Nos facilite, en concreto su direcci\u00f3n de correo electr\u00f3nico y su domicilio (si procede), podr\u00e1n ser utilizados para el env\u00edo de comunicaciones que pudieran ser de su inter\u00e9s. La entrega de la informaci\u00f3n solicitada marcada con un asterisco (*) es obligatoria. En cualquier caso, puede ejercitar sus derechos de acceso, rectificaci\u00f3n, supresi\u00f3n, portabilidad,  y oposici\u00f3n o limitaci\u00f3n al tratamiento de sus datos personales dirigi\u00e9ndose por escrito a ANDREU BOET EQUIPAMENTS, SL, en la direcci\u00f3n posteriormente indicada. En la solicitud de ejercicio de sus derechos deber\u00e1 hacer constar su nombre y apellidos, la petici\u00f3n en que se concreta su solicitud, domicilio a efectos de notificaci\u00f3n y fecha y firma del solicitante, adjunt\u00e1ndose adem\u00e1s fotocopia del D.N.I. o pasaporte, y los documentos acreditativos de la petici\u00f3n que formula. Todo ello, sin perjuicio de cualesquiera otros extremos y\/o procedimientos establecidos en la normativa vigente a este respecto. En todo caso, tendr\u00e1 que utilizar cualquier medio que permita acreditar el env\u00edo y la recepci\u00f3n de su solicitud. Asimismo Usted consiente libremente y con la debida informaci\u00f3n a la entrega y tratamiento de los datos que nos facilite, as\u00ed como a que los datos facilitados sean cedidos a terceras entidades colaboradoras necesarias para el correcto desarrollo de nuestra p\u00e1gina web. La direcci\u00f3n del responsable del fichero es: ANDREU BOET EQUIPAMENTS, SL,  Passeig de Sant Gervasi, 33 -  08022 Barcelona.<br \/>","protected":false},"excerpt":{"rendered":"<p>De acuerdo con la Ley Org\u00e1nica 15\/1999 de Protecci\u00f3n de datos de Car\u00e1cter Personal y el Reglamento General de Protecci\u00f3n de Datos 2016\/679 UE, le informamos que los datos personales que Usted proporcione en el presente formulario, ser\u00e1n tratados automatizadamente e incluidos en los Ficheros responsabilidad de ANDREU BOET EQUIPAMENTS, SL. Los datos que Ud. Nos facilite, en concreto su&nbsp;<a href=\"https:\/\/centriboet.com\/es\/sol%c2%b7licitar-pressupost\/\" class=\"read-more\">Seguir leyendo<\/a><\/p>\n","protected":false},"author":1,"featured_media":0,"parent":0,"menu_order":0,"comment_status":"closed","ping_status":"closed","template":"page-fullwidth.php","meta":{"footnotes":""},"class_list":["post-2376","page","type-page","status-publish","hentry"],"_links":{"self":[{"href":"https:\/\/centriboet.com\/es\/wp-json\/wp\/v2\/pages\/2376","targetHints":{"allow":["GET"]}}],"collection":[{"href":"https:\/\/centriboet.com\/es\/wp-json\/wp\/v2\/pages"}],"about":[{"href":"https:\/\/centriboet.com\/es\/wp-json\/wp\/v2\/types\/page"}],"author":[{"embeddable":true,"href":"https:\/\/centriboet.com\/es\/wp-json\/wp\/v2\/users\/1"}],"replies":[{"embeddable":true,"href":"https:\/\/centriboet.com\/es\/wp-json\/wp\/v2\/comments?post=2376"}],"version-history":[{"count":20,"href":"https:\/\/centriboet.com\/es\/wp-json\/wp\/v2\/pages\/2376\/revisions"}],"predecessor-version":[{"id":3082,"href":"https:\/\/centriboet.com\/es\/wp-json\/wp\/v2\/pages\/2376\/revisions\/3082"}],"wp:attachment":[{"href":"https:\/\/centriboet.com\/es\/wp-json\/wp\/v2\/media?parent=2376"}],"curies":[{"name":"wp","href":"https:\/\/api.w.org\/{rel}","templated":true}]}}