
{"id":2552,"date":"2017-03-02T11:41:14","date_gmt":"2017-03-02T11:41:14","guid":{"rendered":"https:\/\/centriboet.com\/?page_id=2552"},"modified":"2017-03-08T08:51:03","modified_gmt":"2017-03-08T08:51:03","slug":"rent","status":"publish","type":"page","link":"https:\/\/centriboet.com\/es\/rent\/","title":{"rendered":"Alquiler"},"content":{"rendered":"Las soluciones m\u00f3viles de deshidrataci\u00f3n de fangos les ofrecen soluciones flexibles para reemplazar\u00a0o complementar sus instalaciones fijas de deshidrataci\u00f3n de fangos. Tienen la ventaja econ\u00f3mica que\u00a0que su grado de estandarizaci\u00f3n permite bajar notablemente los costes de desarrollo, transporte y puesta\u00a0en servicio.<\/p>\n<p>Las unidades m\u00f3viles de deshidrataci\u00f3n de fangos est\u00e1n preparadas para intervenir de forma r\u00e1pida y\u00a0se pueden alquilar para operaciones de corto y largo plazo, con la garant\u00eda de un servicio de asistencia\u00a0siempre a su disposici\u00f3n.<\/p>\n<p>Son unidades m\u00f3viles de deshidrataci\u00f3n de fangos completas, equipadas con la centr\u00edfuga, bomba de alimentaci\u00f3n de fangos y de polielectrolito, unidad de preparaci\u00f3n de floculante, cuadro de mando\u00a0y maniobra con alarmas y sistemas de control y cinta transportadora para la descarga de los fangos\u00a0deshidratados.<\/p>\n<p>Disponemos de una amplia gama de unidades m\u00f3viles de deshidrataci\u00f3n de fangos en alquiler con una capacidad de tratamiento hidr\u00e1ulica desde los 3 m3\/h (120 kg\/MS\/h) hasta los 90 m3\/h (5000 kg\/MS\/h).<\/p>\n<p>Tambi\u00e9n disponemos de unidades m\u00f3viles de espesamiento mec\u00e1nico de fangos en alquiler, que van desde los 20 m3\/h hasta los 60 m3\/h.<\/p>\n<p><img loading=\"lazy\" decoding=\"async\" class=\"alignnone size-medium wp-image-2603\" src=\"https:\/\/centriboet.com\/wp-content\/uploads\/2017\/03\/Unitat-mobil-90-m3-300x224.jpg\" alt=\"\" width=\"300\" height=\"224\" srcset=\"https:\/\/centriboet.com\/wp-content\/uploads\/2017\/03\/Unitat-mobil-90-m3-300x224.jpg 300w, https:\/\/centriboet.com\/wp-content\/uploads\/2017\/03\/Unitat-mobil-90-m3-768x574.jpg 768w, https:\/\/centriboet.com\/wp-content\/uploads\/2017\/03\/Unitat-mobil-90-m3-200x150.jpg 200w, https:\/\/centriboet.com\/wp-content\/uploads\/2017\/03\/Unitat-mobil-90-m3.jpg 800w\" sizes=\"auto, (max-width: 300px) 100vw, 300px\" \/><img loading=\"lazy\" decoding=\"async\" class=\"alignnone size-medium wp-image-2601\" src=\"https:\/\/centriboet.com\/wp-content\/uploads\/2017\/03\/Unitat-mobil-50-m3-300x224.jpg\" alt=\"\" width=\"300\" height=\"224\" srcset=\"https:\/\/centriboet.com\/wp-content\/uploads\/2017\/03\/Unitat-mobil-50-m3-300x224.jpg 300w, https:\/\/centriboet.com\/wp-content\/uploads\/2017\/03\/Unitat-mobil-50-m3-768x574.jpg 768w, https:\/\/centriboet.com\/wp-content\/uploads\/2017\/03\/Unitat-mobil-50-m3-200x150.jpg 200w, https:\/\/centriboet.com\/wp-content\/uploads\/2017\/03\/Unitat-mobil-50-m3.jpg 800w\" sizes=\"auto, (max-width: 300px) 100vw, 300px\" \/><img loading=\"lazy\" decoding=\"async\" class=\"alignnone size-medium wp-image-2602\" src=\"https:\/\/centriboet.com\/wp-content\/uploads\/2017\/03\/Unitat-mobil-60-m3-300x224.jpg\" alt=\"\" width=\"300\" height=\"224\" srcset=\"https:\/\/centriboet.com\/wp-content\/uploads\/2017\/03\/Unitat-mobil-60-m3-300x224.jpg 300w, https:\/\/centriboet.com\/wp-content\/uploads\/2017\/03\/Unitat-mobil-60-m3-768x574.jpg 768w, https:\/\/centriboet.com\/wp-content\/uploads\/2017\/03\/Unitat-mobil-60-m3-200x150.jpg 200w, https:\/\/centriboet.com\/wp-content\/uploads\/2017\/03\/Unitat-mobil-60-m3.jpg 800w\" sizes=\"auto, (max-width: 300px) 100vw, 300px\" \/>","protected":false},"excerpt":{"rendered":"<p>Las soluciones m\u00f3viles de deshidrataci\u00f3n de fangos les ofrecen soluciones flexibles para reemplazar\u00a0o complementar sus instalaciones fijas de deshidrataci\u00f3n de fangos. Tienen la ventaja econ\u00f3mica que\u00a0que su grado de estandarizaci\u00f3n permite bajar notablemente los costes de desarrollo, transporte y puesta\u00a0en servicio. Las unidades m\u00f3viles de deshidrataci\u00f3n de fangos est\u00e1n preparadas para intervenir de forma r\u00e1pida y\u00a0se pueden alquilar para operaciones&nbsp;<a href=\"https:\/\/centriboet.com\/es\/rent\/\" class=\"read-more\">Seguir leyendo<\/a><\/p>\n","protected":false},"author":1,"featured_media":0,"parent":0,"menu_order":0,"comment_status":"closed","ping_status":"closed","template":"page-fullwidth.php","meta":{"footnotes":""},"class_list":["post-2552","page","type-page","status-publish","hentry"],"_links":{"self":[{"href":"https:\/\/centriboet.com\/es\/wp-json\/wp\/v2\/pages\/2552","targetHints":{"allow":["GET"]}}],"collection":[{"href":"https:\/\/centriboet.com\/es\/wp-json\/wp\/v2\/pages"}],"about":[{"href":"https:\/\/centriboet.com\/es\/wp-json\/wp\/v2\/types\/page"}],"author":[{"embeddable":true,"href":"https:\/\/centriboet.com\/es\/wp-json\/wp\/v2\/users\/1"}],"replies":[{"embeddable":true,"href":"https:\/\/centriboet.com\/es\/wp-json\/wp\/v2\/comments?post=2552"}],"version-history":[{"count":9,"href":"https:\/\/centriboet.com\/es\/wp-json\/wp\/v2\/pages\/2552\/revisions"}],"predecessor-version":[{"id":2609,"href":"https:\/\/centriboet.com\/es\/wp-json\/wp\/v2\/pages\/2552\/revisions\/2609"}],"wp:attachment":[{"href":"https:\/\/centriboet.com\/es\/wp-json\/wp\/v2\/media?parent=2552"}],"curies":[{"name":"wp","href":"https:\/\/api.w.org\/{rel}","templated":true}]}}