
{"id":2558,"date":"2017-03-02T11:54:01","date_gmt":"2017-03-02T11:54:01","guid":{"rendered":"https:\/\/centriboet.com\/?page_id=2558"},"modified":"2017-07-17T17:33:29","modified_gmt":"2017-07-17T17:33:29","slug":"repairing","status":"publish","type":"page","link":"https:\/\/centriboet.com\/es\/repairing\/","title":{"rendered":"Reparaci\u00f3n de centr\u00edfugas"},"content":{"rendered":"Las centr\u00edfugas decantadoras trabajan a velocidades altas y est\u00e1n sometidas a esfuerzos severos, por lo\u00a0que el desgaste y la erosi\u00f3n son inevitables. Nuestra empresa ofrece el servicio de reparaci\u00f3n y mantenimiento\u00a0de todo tipo de centr\u00edfugas y pone a disposici\u00f3n de sus clientes una experiencia de m\u00e1s de 25 a\u00f1os\u00a0dedicados al servicio y reparaci\u00f3n de centr\u00edfugas. Tambi\u00e9n realizamos ejecuciones especiales con\u00a0cer\u00e1mica y metales duros, reacondicionamientos completos, reparaci\u00f3n de los equipos de\u00a0accionamiento, asesor\u00eda para la\u00a0 mejora de rendimientos y desgastes.<\/p>\n<p>Disponemos de taller especializado en la localidad de Argentona (Barcelona), con m\u00e1s 2000 m\u00b2 dedicados\u00a0al mantenimiento y reparaci\u00f3n de centr\u00edfugas decantadoras, con personal y equipos especializados de\u00a0medici\u00f3n, soldadura, rectificado, equilibrado y pintura.<\/p>\n<p>Nuestros\u00a0 servicios van desde el reacondicionamiento completo del tambor y sinf\u00edn, hasta el chorreado y\u00a0pintado, protecci\u00f3n antidesgaste y recubrimientos especiales (cer\u00e1mica, al\u00famina...) para productos\u00a0abrasivos.<\/p>\n<p>Somos tambi\u00e9n el servicio oficial para la reparaci\u00f3n y suministro de recambios de Viscotherm para todo\u00a0aquello relacionado con el accionamiento hidr\u00e1ulico de las centr\u00edfugas decantadoras.<\/p>\n<p><img loading=\"lazy\" decoding=\"async\" class=\"alignnone size-medium wp-image-2622\" src=\"https:\/\/centriboet.com\/wp-content\/uploads\/2017\/03\/Reparacion_centrifugas_1-300x224.jpg\" alt=\"\" width=\"300\" height=\"224\" srcset=\"https:\/\/centriboet.com\/wp-content\/uploads\/2017\/03\/Reparacion_centrifugas_1-300x224.jpg 300w, https:\/\/centriboet.com\/wp-content\/uploads\/2017\/03\/Reparacion_centrifugas_1-768x573.jpg 768w, https:\/\/centriboet.com\/wp-content\/uploads\/2017\/03\/Reparacion_centrifugas_1-200x150.jpg 200w, https:\/\/centriboet.com\/wp-content\/uploads\/2017\/03\/Reparacion_centrifugas_1.jpg 800w\" sizes=\"auto, (max-width: 300px) 100vw, 300px\" \/><img loading=\"lazy\" decoding=\"async\" class=\"alignnone size-medium wp-image-2624\" src=\"https:\/\/centriboet.com\/wp-content\/uploads\/2017\/03\/Reparacion_centrifugas-300x224.jpg\" alt=\"\" width=\"300\" height=\"224\" srcset=\"https:\/\/centriboet.com\/wp-content\/uploads\/2017\/03\/Reparacion_centrifugas-300x224.jpg 300w, https:\/\/centriboet.com\/wp-content\/uploads\/2017\/03\/Reparacion_centrifugas-768x574.jpg 768w, https:\/\/centriboet.com\/wp-content\/uploads\/2017\/03\/Reparacion_centrifugas-200x150.jpg 200w, https:\/\/centriboet.com\/wp-content\/uploads\/2017\/03\/Reparacion_centrifugas.jpg 800w\" sizes=\"auto, (max-width: 300px) 100vw, 300px\" \/><img loading=\"lazy\" decoding=\"async\" class=\"alignnone size-medium wp-image-2625\" src=\"https:\/\/centriboet.com\/wp-content\/uploads\/2017\/03\/Reparacion-centrifugas_2-300x224.jpg\" alt=\"\" width=\"300\" height=\"224\" srcset=\"https:\/\/centriboet.com\/wp-content\/uploads\/2017\/03\/Reparacion-centrifugas_2-300x224.jpg 300w, https:\/\/centriboet.com\/wp-content\/uploads\/2017\/03\/Reparacion-centrifugas_2-768x574.jpg 768w, https:\/\/centriboet.com\/wp-content\/uploads\/2017\/03\/Reparacion-centrifugas_2-200x150.jpg 200w, https:\/\/centriboet.com\/wp-content\/uploads\/2017\/03\/Reparacion-centrifugas_2.jpg 800w\" sizes=\"auto, (max-width: 300px) 100vw, 300px\" \/>","protected":false},"excerpt":{"rendered":"<p>Las centr\u00edfugas decantadoras trabajan a velocidades altas y est\u00e1n sometidas a esfuerzos severos, por lo\u00a0que el desgaste y la erosi\u00f3n son inevitables. Nuestra empresa ofrece el servicio de reparaci\u00f3n y mantenimiento\u00a0de todo tipo de centr\u00edfugas y pone a disposici\u00f3n de sus clientes una experiencia de m\u00e1s de 25 a\u00f1os\u00a0dedicados al servicio y reparaci\u00f3n de centr\u00edfugas. Tambi\u00e9n realizamos ejecuciones especiales con\u00a0cer\u00e1mica&nbsp;<a href=\"https:\/\/centriboet.com\/es\/repairing\/\" class=\"read-more\">Seguir leyendo<\/a><\/p>\n","protected":false},"author":1,"featured_media":0,"parent":0,"menu_order":0,"comment_status":"closed","ping_status":"closed","template":"page-fullwidth.php","meta":{"footnotes":""},"class_list":["post-2558","page","type-page","status-publish","hentry"],"_links":{"self":[{"href":"https:\/\/centriboet.com\/es\/wp-json\/wp\/v2\/pages\/2558","targetHints":{"allow":["GET"]}}],"collection":[{"href":"https:\/\/centriboet.com\/es\/wp-json\/wp\/v2\/pages"}],"about":[{"href":"https:\/\/centriboet.com\/es\/wp-json\/wp\/v2\/types\/page"}],"author":[{"embeddable":true,"href":"https:\/\/centriboet.com\/es\/wp-json\/wp\/v2\/users\/1"}],"replies":[{"embeddable":true,"href":"https:\/\/centriboet.com\/es\/wp-json\/wp\/v2\/comments?post=2558"}],"version-history":[{"count":4,"href":"https:\/\/centriboet.com\/es\/wp-json\/wp\/v2\/pages\/2558\/revisions"}],"predecessor-version":[{"id":2628,"href":"https:\/\/centriboet.com\/es\/wp-json\/wp\/v2\/pages\/2558\/revisions\/2628"}],"wp:attachment":[{"href":"https:\/\/centriboet.com\/es\/wp-json\/wp\/v2\/media?parent=2558"}],"curies":[{"name":"wp","href":"https:\/\/api.w.org\/{rel}","templated":true}]}}