
{"id":2563,"date":"2017-03-02T11:54:39","date_gmt":"2017-03-02T11:54:39","guid":{"rendered":"https:\/\/centriboet.com\/?page_id=2563"},"modified":"2017-07-18T09:53:44","modified_gmt":"2017-07-18T09:53:44","slug":"fabrication","status":"publish","type":"page","link":"https:\/\/centriboet.com\/es\/fabrication\/","title":{"rendered":"Fabricaci\u00f3n de centr\u00edfugas"},"content":{"rendered":"La experiencia de todos estos a\u00f1os como especialistas en centr\u00edfugas decantadoras nos ha servido para\u00a0dise\u00f1ar y fabricar la primer centr\u00edfuga CENTRIBOET para la deshidrataci\u00f3n de fangos con un alto\u00a0contenido de s\u00f3lidos, con la finalidad de atender las necesidades de clientes que nos piden equipos con\u00a0premisas altas de fiabilidad, resistencia y calidad.<\/p>\n<p>Las centr\u00edfugas decantadoras CENTRIBOET est\u00e1n dise\u00f1adas para su uso sin incidencias en aplicaciones con una alta exigencia de servicio y de trabajo cont\u00ednuo. Su dise\u00f1o constructivo y las\u00a0protecciones contra desgaste previstas, hacen de la centr\u00edfuga CENTRIBOET el mejor equipo para la\u00a0deshidrataci\u00f3n de fangos con alta presencia de s\u00f3lidos y materiales no habituales y sobretodo para el\u00a0tratamiento de fangos de digestores anaerobios de plantas de RSU, fangos minerals, etc. La centr\u00edfuga\u00a0CENTRIBOET va equipada con un accionamiento hidr\u00e1ulico del sinf\u00edn que permite la regulaci\u00f3n constante\u00a0de acuerdo con la variaci\u00f3n de las condiciones y permite solucionar cualquier tipo de incidencia por\u00a0sobrecarga.<\/p>\n<p><img loading=\"lazy\" decoding=\"async\" class=\"alignnone size-medium wp-image-2600\" src=\"https:\/\/centriboet.com\/wp-content\/uploads\/2017\/03\/Centriboet-900-300x224.jpg\" alt=\"\" width=\"300\" height=\"224\" srcset=\"https:\/\/centriboet.com\/wp-content\/uploads\/2017\/03\/Centriboet-900-300x224.jpg 300w, https:\/\/centriboet.com\/wp-content\/uploads\/2017\/03\/Centriboet-900-768x574.jpg 768w, https:\/\/centriboet.com\/wp-content\/uploads\/2017\/03\/Centriboet-900-1024x765.jpg 1024w, https:\/\/centriboet.com\/wp-content\/uploads\/2017\/03\/Centriboet-900-200x150.jpg 200w, https:\/\/centriboet.com\/wp-content\/uploads\/2017\/03\/Centriboet-900.jpg 1280w\" sizes=\"auto, (max-width: 300px) 100vw, 300px\" \/><img loading=\"lazy\" decoding=\"async\" class=\"alignnone size-medium wp-image-2618\" src=\"https:\/\/centriboet.com\/wp-content\/uploads\/2017\/03\/Centriboet_900_3-300x224.jpg\" alt=\"\" width=\"300\" height=\"224\" srcset=\"https:\/\/centriboet.com\/wp-content\/uploads\/2017\/03\/Centriboet_900_3-300x224.jpg 300w, https:\/\/centriboet.com\/wp-content\/uploads\/2017\/03\/Centriboet_900_3-768x574.jpg 768w, https:\/\/centriboet.com\/wp-content\/uploads\/2017\/03\/Centriboet_900_3-1024x765.jpg 1024w, https:\/\/centriboet.com\/wp-content\/uploads\/2017\/03\/Centriboet_900_3-200x150.jpg 200w, https:\/\/centriboet.com\/wp-content\/uploads\/2017\/03\/Centriboet_900_3.jpg 1279w\" sizes=\"auto, (max-width: 300px) 100vw, 300px\" \/>","protected":false},"excerpt":{"rendered":"<p>La experiencia de todos estos a\u00f1os como especialistas en centr\u00edfugas decantadoras nos ha servido para\u00a0dise\u00f1ar y fabricar la primer centr\u00edfuga CENTRIBOET para la deshidrataci\u00f3n de fangos con un alto\u00a0contenido de s\u00f3lidos, con la finalidad de atender las necesidades de clientes que nos piden equipos con\u00a0premisas altas de fiabilidad, resistencia y calidad. Las centr\u00edfugas decantadoras CENTRIBOET est\u00e1n dise\u00f1adas para su uso&nbsp;<a href=\"https:\/\/centriboet.com\/es\/fabrication\/\" class=\"read-more\">Seguir leyendo<\/a><\/p>\n","protected":false},"author":1,"featured_media":0,"parent":0,"menu_order":0,"comment_status":"closed","ping_status":"closed","template":"page-fullwidth.php","meta":{"footnotes":""},"class_list":["post-2563","page","type-page","status-publish","hentry"],"_links":{"self":[{"href":"https:\/\/centriboet.com\/es\/wp-json\/wp\/v2\/pages\/2563","targetHints":{"allow":["GET"]}}],"collection":[{"href":"https:\/\/centriboet.com\/es\/wp-json\/wp\/v2\/pages"}],"about":[{"href":"https:\/\/centriboet.com\/es\/wp-json\/wp\/v2\/types\/page"}],"author":[{"embeddable":true,"href":"https:\/\/centriboet.com\/es\/wp-json\/wp\/v2\/users\/1"}],"replies":[{"embeddable":true,"href":"https:\/\/centriboet.com\/es\/wp-json\/wp\/v2\/comments?post=2563"}],"version-history":[{"count":12,"href":"https:\/\/centriboet.com\/es\/wp-json\/wp\/v2\/pages\/2563\/revisions"}],"predecessor-version":[{"id":2641,"href":"https:\/\/centriboet.com\/es\/wp-json\/wp\/v2\/pages\/2563\/revisions\/2641"}],"wp:attachment":[{"href":"https:\/\/centriboet.com\/es\/wp-json\/wp\/v2\/media?parent=2563"}],"curies":[{"name":"wp","href":"https:\/\/api.w.org\/{rel}","templated":true}]}}