
{"id":2566,"date":"2017-03-02T11:55:14","date_gmt":"2017-03-02T11:55:14","guid":{"rendered":"https:\/\/centriboet.com\/?page_id=2566"},"modified":"2017-03-08T15:11:52","modified_gmt":"2017-03-08T15:11:52","slug":"additional-services","status":"publish","type":"page","link":"https:\/\/centriboet.com\/es\/additional-services\/","title":{"rendered":"Servicios adicionales"},"content":{"rendered":"De forma complementaria a nuestros servicios m\u00f3viles de deshidrataci\u00f3n tambi\u00e9n disponemos de:<\/p>\n<ul>\n<li>Unidades m\u00f3viles para espesamiento de fangos de 20 y\u00a060 m3\/h<\/li>\n<li>Sistema para extracci\u00f3n y trituraci\u00f3n de fangos de digestor anaerobio<\/li>\n<li>Equipos robotizados para la aspiraci\u00f3n de fangos de balsas<\/li>\n<li>Criba y tromel para desbaste de gruesos de diferentes medidas<\/li>\n<li>Dep\u00f3sitos intermedios para homogenizaci\u00f3n<\/li>\n<\/ul>\n<p><img loading=\"lazy\" decoding=\"async\" class=\"alignnone wp-image-2323 size-medium\" src=\"https:\/\/centriboet.com\/wp-content\/uploads\/2011\/07\/Soluciones_02-300x224.jpg\" width=\"300\" height=\"224\" srcset=\"https:\/\/centriboet.com\/wp-content\/uploads\/2011\/07\/Soluciones_02-300x224.jpg 300w, https:\/\/centriboet.com\/wp-content\/uploads\/2011\/07\/Soluciones_02-200x150.jpg 200w, https:\/\/centriboet.com\/wp-content\/uploads\/2011\/07\/Soluciones_02.jpg 400w\" sizes=\"auto, (max-width: 300px) 100vw, 300px\" \/><img loading=\"lazy\" decoding=\"async\" class=\"alignnone wp-image-2446\" src=\"https:\/\/centriboet.com\/wp-content\/uploads\/2017\/02\/banner-4.jpg\" width=\"300\" height=\"226\" srcset=\"https:\/\/centriboet.com\/wp-content\/uploads\/2017\/02\/banner-4.jpg 270w, https:\/\/centriboet.com\/wp-content\/uploads\/2017\/02\/banner-4-200x150.jpg 200w\" sizes=\"auto, (max-width: 300px) 100vw, 300px\" \/><img loading=\"lazy\" decoding=\"async\" class=\"alignnone wp-image-2642\" src=\"https:\/\/centriboet.com\/wp-content\/uploads\/2017\/03\/Buidat-basses-300x239.jpg\" width=\"300\" height=\"239\" srcset=\"https:\/\/centriboet.com\/wp-content\/uploads\/2017\/03\/Buidat-basses-300x239.jpg 300w, https:\/\/centriboet.com\/wp-content\/uploads\/2017\/03\/Buidat-basses-768x611.jpg 768w, https:\/\/centriboet.com\/wp-content\/uploads\/2017\/03\/Buidat-basses.jpg 800w\" sizes=\"auto, (max-width: 300px) 100vw, 300px\" \/>","protected":false},"excerpt":{"rendered":"<p>De forma complementaria a nuestros servicios m\u00f3viles de deshidrataci\u00f3n tambi\u00e9n disponemos de: Unidades m\u00f3viles para espesamiento de fangos de 20 y\u00a060 m3\/h Sistema para extracci\u00f3n y trituraci\u00f3n de fangos de digestor anaerobio Equipos robotizados para la aspiraci\u00f3n de fangos de balsas Criba y tromel para desbaste de gruesos de diferentes medidas Dep\u00f3sitos intermedios para homogenizaci\u00f3n<\/p>\n","protected":false},"author":1,"featured_media":0,"parent":0,"menu_order":0,"comment_status":"closed","ping_status":"closed","template":"page-fullwidth.php","meta":{"footnotes":""},"class_list":["post-2566","page","type-page","status-publish","hentry"],"_links":{"self":[{"href":"https:\/\/centriboet.com\/es\/wp-json\/wp\/v2\/pages\/2566","targetHints":{"allow":["GET"]}}],"collection":[{"href":"https:\/\/centriboet.com\/es\/wp-json\/wp\/v2\/pages"}],"about":[{"href":"https:\/\/centriboet.com\/es\/wp-json\/wp\/v2\/types\/page"}],"author":[{"embeddable":true,"href":"https:\/\/centriboet.com\/es\/wp-json\/wp\/v2\/users\/1"}],"replies":[{"embeddable":true,"href":"https:\/\/centriboet.com\/es\/wp-json\/wp\/v2\/comments?post=2566"}],"version-history":[{"count":16,"href":"https:\/\/centriboet.com\/es\/wp-json\/wp\/v2\/pages\/2566\/revisions"}],"predecessor-version":[{"id":2664,"href":"https:\/\/centriboet.com\/es\/wp-json\/wp\/v2\/pages\/2566\/revisions\/2664"}],"wp:attachment":[{"href":"https:\/\/centriboet.com\/es\/wp-json\/wp\/v2\/media?parent=2566"}],"curies":[{"name":"wp","href":"https:\/\/api.w.org\/{rel}","templated":true}]}}