
{"id":2673,"date":"2017-03-08T08:24:49","date_gmt":"2017-03-08T08:24:49","guid":{"rendered":"https:\/\/centriboet.com\/?page_id=2673"},"modified":"2017-07-18T09:54:05","modified_gmt":"2017-07-18T09:54:05","slug":"technical-specifications","status":"publish","type":"page","link":"https:\/\/centriboet.com\/es\/technical-specifications\/","title":{"rendered":"Especificaciones t\u00e9cnicas"},"content":{"rendered":"<img loading=\"lazy\" decoding=\"async\" class=\"alignnone wp-image-2840 size-full\" src=\"https:\/\/centriboet.com\/wp-content\/uploads\/2017\/03\/Foto-UMDB.jpg\" alt=\"\" width=\"800\" height=\"510\" srcset=\"https:\/\/centriboet.com\/wp-content\/uploads\/2017\/03\/Foto-UMDB.jpg 800w, https:\/\/centriboet.com\/wp-content\/uploads\/2017\/03\/Foto-UMDB-300x191.jpg 300w, https:\/\/centriboet.com\/wp-content\/uploads\/2017\/03\/Foto-UMDB-768x490.jpg 768w\" sizes=\"auto, (max-width: 800px) 100vw, 800px\" \/><\/p>\n<p>Las unidades m\u00f3viles de deshidrataci\u00f3n de fangos Centriboet est\u00e1n integradas por los siguientes elementos:<\/p>\n<ul>\n<li>Centr\u00edfuga decantadora de dos fases, accionada por motor el\u00e9ctrico y motor hidr\u00e1ulico Viscotherm con mando anal\u00f3gico activo para la regulaci\u00f3n de la velocidad diferencial, para tratar lodos con una concentraci\u00f3n de entrada entre el 1 y el 10%, caudal m\u00e1ximo desde 3 hasta 90 m3\/h y materia seca a la salida de 120 hasta 5000 Kg\/MS\/h.<\/li>\n<li>Unidad autom\u00e1tica de preparaci\u00f3n de floculante de caudal variable, para polvo o l\u00edquido.<\/li>\n<li>Bomba de lodos de caudal variable, accionada por un motor el\u00e9ctrico.<\/li>\n<li>Bomba de floculante de caudal variable, accionada por un motor el\u00e9ctrico.<\/li>\n<li>Cinta transportadora o sinf\u00edn para la descarga de los lodos deshidratados.<\/li>\n<li>Cuadro el\u00e9ctrico de control y maniobra con aut\u00f3mata programable para la supervisi\u00f3n de caudales, estado de marcha de la centr\u00edfuga, bombas, unidad de floculaci\u00f3n y cinta transportadora, alarmas de temperatura, de presi\u00f3n y de tuber\u00eda vac\u00eda, autolavado y parada de emergencia.<\/li>\n<li>Mangueras por los lodos y agua, y cable para la conexi\u00f3n el\u00e9ctrica.<\/li>\n<\/ul>\n<p>Las unidades est\u00e1n preparadas para intervenir de forma r\u00e1pida y\u00a0 se pueden alquilar para operaciones de corto, medio y largo plazo, con la garant\u00eda de un servicio de asistencia permanente.","protected":false},"excerpt":{"rendered":"<p>Las unidades m\u00f3viles de deshidrataci\u00f3n de fangos Centriboet est\u00e1n integradas por los siguientes elementos: Centr\u00edfuga decantadora de dos fases, accionada por motor el\u00e9ctrico y motor hidr\u00e1ulico Viscotherm con mando anal\u00f3gico activo para la regulaci\u00f3n de la velocidad diferencial, para tratar lodos con una concentraci\u00f3n de entrada entre el 1 y el 10%, caudal m\u00e1ximo desde 3 hasta 90 m3\/h y&nbsp;<a href=\"https:\/\/centriboet.com\/es\/technical-specifications\/\" class=\"read-more\">Seguir leyendo<\/a><\/p>\n","protected":false},"author":1,"featured_media":0,"parent":0,"menu_order":0,"comment_status":"closed","ping_status":"closed","template":"page-fullwidth.php","meta":{"footnotes":""},"class_list":["post-2673","page","type-page","status-publish","hentry"],"_links":{"self":[{"href":"https:\/\/centriboet.com\/es\/wp-json\/wp\/v2\/pages\/2673","targetHints":{"allow":["GET"]}}],"collection":[{"href":"https:\/\/centriboet.com\/es\/wp-json\/wp\/v2\/pages"}],"about":[{"href":"https:\/\/centriboet.com\/es\/wp-json\/wp\/v2\/types\/page"}],"author":[{"embeddable":true,"href":"https:\/\/centriboet.com\/es\/wp-json\/wp\/v2\/users\/1"}],"replies":[{"embeddable":true,"href":"https:\/\/centriboet.com\/es\/wp-json\/wp\/v2\/comments?post=2673"}],"version-history":[{"count":28,"href":"https:\/\/centriboet.com\/es\/wp-json\/wp\/v2\/pages\/2673\/revisions"}],"predecessor-version":[{"id":2856,"href":"https:\/\/centriboet.com\/es\/wp-json\/wp\/v2\/pages\/2673\/revisions\/2856"}],"wp:attachment":[{"href":"https:\/\/centriboet.com\/es\/wp-json\/wp\/v2\/media?parent=2673"}],"curies":[{"name":"wp","href":"https:\/\/api.w.org\/{rel}","templated":true}]}}