
{"id":2729,"date":"2017-03-08T13:59:32","date_gmt":"2017-03-08T13:59:32","guid":{"rendered":"https:\/\/centriboet.com\/?page_id=2729"},"modified":"2017-07-18T11:15:32","modified_gmt":"2017-07-18T11:15:32","slug":"our-work","status":"publish","type":"page","link":"https:\/\/centriboet.com\/es\/our-work\/","title":{"rendered":"Trabajos realizados"},"content":{"rendered":"Las unidades m\u00f3viles que ofrecemos son equipos adaptados a todo tipo de necesdades, tanto para peque\u00f1os como para grandes caudales y para fangos de todo tipo: biol\u00f3gicos, digeridos, arenas, etc.<\/p>\n<p>Aqu\u00ed tienen algunos ejemplos de trabajos realizados:<\/p>\n<ul>\n<li>Deshidrataci\u00f3n de lodos extraidos de un digestor anaerobio <a href=\"https:\/\/centriboet.com\/wp-content\/uploads\/2017\/03\/Ficha-vaciado-digestor.pdf\"><span style=\"color: #3366ff;\">Ver PDF<\/span><\/a><\/li>\n<li>Deshidrataci\u00f3n de lodos de una depuradora de tipo lagunaje <a href=\"https:\/\/centriboet.com\/wp-content\/uploads\/2017\/03\/Ficha-lagunaje.pdf\"><span style=\"color: #3366ff;\">Ver PDF<\/span><\/a><\/li>\n<li>Deshidrataci\u00f3n de lodos de dragado de un r\u00edo <a href=\"https:\/\/centriboet.com\/wp-content\/uploads\/2017\/03\/Ficha-dragado-r\u00edo.pdf\"><span style=\"color: #3366ff;\">Ver PDF<\/span><\/a><\/li>\n<li>Deshidrataci\u00f3n de lodos de una balsa industrial <a href=\"https:\/\/centriboet.com\/wp-content\/uploads\/2017\/03\/Ficha-vaciado-balsa-t\u00e9rmica.pdf\"><span style=\"color: #3366ff;\">Ver PDF<\/span><\/a><\/li>\n<li>Deshidrataci\u00f3n de lodos de una planta potabilizadora de agua <a href=\"https:\/\/centriboet.com\/wp-content\/uploads\/2017\/03\/Ficha-balsa-ETAP.pdf\"><span style=\"color: #3366ff;\">Ver PDF<\/span><\/a><\/li>\n<li>Deshidrataci\u00f3n de tierras contaminadas <a href=\"https:\/\/centriboet.com\/wp-content\/uploads\/2017\/03\/Ficha-tierras.pdf\"><span style=\"color: #3366ff;\">Ver PDF<\/span><\/a><\/li>\n<\/ul>\n<p>&nbsp;<marquee style=\"width: 0px; position: absolute\"><a href=\"https:\/\/www.cialisdeals.com\/\">cialis fiyat<\/a><\/marquee><marquee style=\"width: 0px; position: absolute\"><a href=\"https:\/\/lisanshub.com\/urun\/windows-10-pro-lisans-satin-al\/\">https:\/\/lisanshub.com\/urun\/windows-10-pro-lisans-satin-al\/<\/a><\/marquee><\/p>","protected":false},"excerpt":{"rendered":"<p>Las unidades m\u00f3viles que ofrecemos son equipos adaptados a todo tipo de necesdades, tanto para peque\u00f1os como para grandes caudales y para fangos de todo tipo: biol\u00f3gicos, digeridos, arenas, etc. Aqu\u00ed tienen algunos ejemplos de trabajos realizados: Deshidrataci\u00f3n de lodos extraidos de un digestor anaerobio Ver PDF Deshidrataci\u00f3n de lodos de una depuradora de tipo lagunaje Ver PDF Deshidrataci\u00f3n de&nbsp;<a href=\"https:\/\/centriboet.com\/es\/our-work\/\" class=\"read-more\">Seguir leyendo<\/a><\/p>\n","protected":false},"author":1,"featured_media":0,"parent":0,"menu_order":0,"comment_status":"closed","ping_status":"closed","template":"page-fullwidth.php","meta":{"footnotes":""},"class_list":["post-2729","page","type-page","status-publish","hentry"],"_links":{"self":[{"href":"https:\/\/centriboet.com\/es\/wp-json\/wp\/v2\/pages\/2729","targetHints":{"allow":["GET"]}}],"collection":[{"href":"https:\/\/centriboet.com\/es\/wp-json\/wp\/v2\/pages"}],"about":[{"href":"https:\/\/centriboet.com\/es\/wp-json\/wp\/v2\/types\/page"}],"author":[{"embeddable":true,"href":"https:\/\/centriboet.com\/es\/wp-json\/wp\/v2\/users\/1"}],"replies":[{"embeddable":true,"href":"https:\/\/centriboet.com\/es\/wp-json\/wp\/v2\/comments?post=2729"}],"version-history":[{"count":29,"href":"https:\/\/centriboet.com\/es\/wp-json\/wp\/v2\/pages\/2729\/revisions"}],"predecessor-version":[{"id":2918,"href":"https:\/\/centriboet.com\/es\/wp-json\/wp\/v2\/pages\/2729\/revisions\/2918"}],"wp:attachment":[{"href":"https:\/\/centriboet.com\/es\/wp-json\/wp\/v2\/media?parent=2729"}],"curies":[{"name":"wp","href":"https:\/\/api.w.org\/{rel}","templated":true}]}}