
{"id":169,"date":"2011-08-30T11:28:22","date_gmt":"2011-08-30T11:28:22","guid":{"rendered":"https:\/\/centriboet.com\/privacy-policy\/"},"modified":"2022-06-09T15:05:10","modified_gmt":"2022-06-09T15:05:10","slug":"privacy-policy","status":"publish","type":"page","link":"https:\/\/centriboet.com\/fr\/privacy-policy\/","title":{"rendered":"Mentions l\u00e9gales"},"content":{"rendered":"<div class=\"row \">\n<div class=\"span12 \"><p>Conform\u00e9ment aux dispositions de la loi 34\/2002, du 11 juillet 2002, relative aux services de la soci\u00e9t\u00e9 de l'information et au commerce \u00e9lectronique, nous indiquons ci-dessous les donn\u00e9es d'information g\u00e9n\u00e9rale de ce site Web :<\/p>\n<p>Propri\u00e9taire : ANDREU BOET EQUIPAMENTS, SL<br \/>\nAdresse : Passeig de Sant Gervasi, 33 - 08022 Barcelona<br \/>\nCourriel:<a href=\"mailto:info@centriboet.com\">info@centriboet.com<\/a><br \/>\nT\u00e9l\u00e9phone : +34 93 211 22 33<br \/>\nFax. +34 93 418 63 42<\/p>\n<p>PROPRI\u00c9T\u00c9 INTELLECTUELLE<\/p>\n<p>Tous les contenus, y compris les textes, les images, les sons et tout autre mat\u00e9riel, sont la propri\u00e9t\u00e9 de ANDREU BOET EQUIPAMENTS, SL Tous droits r\u00e9serv\u00e9s.<br \/>\nPar cons\u00e9quent, la reproduction, la retransmission, la copie, le transfert ou la diffusion de tout ou partie de son contenu sans autorisation \u00e9crite expresse est interdite.<\/p>\n<p>RESPONSABILIT\u00c9 DES CONTENUS ET DES EQUIPEMENTS<\/p>\n<p>ANDREU BOET EQUIPAMENTS, SL n'assume aucune responsabilit\u00e9 pour les infractions que les utilisateurs peuvent encourir ou pour les dommages caus\u00e9s par l'utilisation de ce site Web et se r\u00e9serve le droit de mettre \u00e0 jour et de modifier l'information sans pr\u00e9avis.<br \/>\nEn outre, ANDREU BOET EQUIPAMENTS, SL n'assume aucune responsabilit\u00e9 pour le contenu, la v\u00e9racit\u00e9 et\/ou d'\u00e9ventuelles erreurs dans les liens auxquels il est possible d'acc\u00e9der \u00e0 travers le site web. Le seul but de ces liens est de permettre aux utilisateurs d'acc\u00e9der \u00e0 des informations susceptibles de les int\u00e9resser.<\/p>\n<p>INFORMATIONS SUR LE TRAITEMENT DES DONN\u00c9ES PERSONNELLES<\/p>\n<p>Afin de se conformer aux dispositions de la Loi Organique 15\/1999 sur la Protection des Donn\u00e9es \u00e0 Caract\u00e8re Personnel, ANDREU BOET EQUIPAMENTS, SL informe les utilisateurs de ce site web des points suivants :<\/p>\n<p>Toutes les informations re\u00e7ues par ANDREU BOET EQUIPAMENTS, SL seront trait\u00e9es avec la plus grande confidentialit\u00e9 et s\u00e9curit\u00e9, et seront incorpor\u00e9es dans les fichiers automatis\u00e9s dont la cr\u00e9ation a \u00e9t\u00e9 d\u00fbment notifi\u00e9e \u00e0 l'Agence de Protection des Donn\u00e9es.<\/p>\n<p>Ces informations sont utilis\u00e9es exclusivement par ANDREU BOET EQUIPAMENTS, SL dans le but de maintenir la relation commerciale et mercantile avec ses clients, ainsi que pour les tenir inform\u00e9s ponctuellement des produits et services qu'elle offre, et ne seront pas communiqu\u00e9es \u00e0 des tiers, sauf dans les cas o\u00f9 ANDREU BOET EQUIPAMENTS, SL est l\u00e9galement oblig\u00e9 ou traite des donn\u00e9es d'information publique.<br \/>\nLes int\u00e9ress\u00e9s peuvent exercer leurs droits d'acc\u00e8s, de rectification, de suppression, de portabilit\u00e9, d'opposition ou de limitation au traitement de leurs donn\u00e9es personnelles en ce qui concerne ANDREU BOET EQUIPAMENTS, SL au moyen d'un document sign\u00e9 adress\u00e9 \u00e0 ANDREU BOET EQUIPAMENTS, SL, SL, Passeig de Sant Gervasi, 33 - 08022 Barcelone, ou en l'envoyant par e-mail \u00e0 l'adresse abb@andreuboet.com ou par fax au num\u00e9ro 93 418 63 42, en ajoutant dans tous les cas la photocopie de la carte d'identit\u00e9 de l'int\u00e9ress\u00e9.<\/p>\n<p>ANDREU BOET EQUIPAMENTS, SL conservera les donn\u00e9es personnelles collect\u00e9es et adoptera les mesures n\u00e9cessaires pour \u00e9viter leur alt\u00e9ration, perte, traitement ou acc\u00e8s non autoris\u00e9. ANDREU BOET EQUIPAMENTS, SL se conformera \u00e0 cette obligation conform\u00e9ment au R\u00e8glement 2016\/679 (UE) du Parlement europ\u00e9en et du Conseil de l'Union europ\u00e9enne (R\u00e8glement g\u00e9n\u00e9ral sur la protection des donn\u00e9es) et \u00e0 toutes les dispositions ult\u00e9rieures.<\/p>\n<p>POLITIQUE D'UTILISATION DES COOKIES.<\/p>\n<p>Que sont les cookies ?<\/p>\n<p>Un cookie est un fichier qui est t\u00e9l\u00e9charg\u00e9 sur votre ordinateur lorsque vous acc\u00e9dez \u00e0 certaines pages Web. Les cookies permettent \u00e0 un site Web de stocker et de r\u00e9cup\u00e9rer des informations sur les habitudes de navigation d'un utilisateur ou de son ordinateur et, en fonction des informations qu'ils contiennent et de la mani\u00e8re dont ils utilisent leur ordinateur, peuvent \u00eatre utilis\u00e9s pour reconna\u00eetre l'utilisateur et faciliter la navigation et l'utilisation du site Web par l'utilisateur.<br \/>\nQuels types de cookies ce site Web utilise-t-il ?<\/p>\n<p>Google Analytics : ensemble de cookies d'analyse de tiers : Il s'agit d'un ensemble de cookies qui, lorsqu'ils sont trait\u00e9s par un tiers (google), nous permettent de quantifier, de mani\u00e8re anonyme, le nombre d'utilisateurs qui acc\u00e8dent \u00e0 notre site Web et l'utilisation qu'ils font des diff\u00e9rentes options, services et informations pr\u00e9sentes, pour effectuer une analyse statistique de leur utilisation par les utilisateurs en g\u00e9n\u00e9ral, dans le but d'am\u00e9liorer le service et la gamme d'offres que nous leur offrons.\u2028\u2028Google Maps : ensemble de cookies pour la personnalisation par des tiers : Cet ensemble de cookies permet, en fonction de la localisation g\u00e9ographique de l'utilisateur sur Google Maps (si l'utilisateur l'a activ\u00e9), d'indiquer comment se rendre \u00e0 nos bureaux, et avec quels moyens de transport, de se souvenir de leur derni\u00e8re localisation, etc.<\/p>\n<p>Cookies de r\u00e9glage de la langue : Ce cookie m\u00e9morise la langue d'acc\u00e8s de l'utilisateur \u00e0 notre site Web, de sorte qu'il n'a pas \u00e0 la choisir \u00e0 chaque fois qu'il y acc\u00e8de.<\/p>\n<p>Vous pouvez autoriser, bloquer ou supprimer les cookies install\u00e9s sur votre ordinateur en configurant les param\u00e8tres du navigateur install\u00e9 sur votre ordinateur.<\/p><\/div>\n<\/div><!-- .row (end) -->","protected":false},"excerpt":{"rendered":"","protected":false},"author":1,"featured_media":0,"parent":0,"menu_order":10,"comment_status":"closed","ping_status":"closed","template":"page-fullwidth.php","meta":{"footnotes":""},"class_list":["post-169","page","type-page","status-publish","hentry"],"_links":{"self":[{"href":"https:\/\/centriboet.com\/fr\/wp-json\/wp\/v2\/pages\/169","targetHints":{"allow":["GET"]}}],"collection":[{"href":"https:\/\/centriboet.com\/fr\/wp-json\/wp\/v2\/pages"}],"about":[{"href":"https:\/\/centriboet.com\/fr\/wp-json\/wp\/v2\/types\/page"}],"author":[{"embeddable":true,"href":"https:\/\/centriboet.com\/fr\/wp-json\/wp\/v2\/users\/1"}],"replies":[{"embeddable":true,"href":"https:\/\/centriboet.com\/fr\/wp-json\/wp\/v2\/comments?post=169"}],"version-history":[{"count":25,"href":"https:\/\/centriboet.com\/fr\/wp-json\/wp\/v2\/pages\/169\/revisions"}],"predecessor-version":[{"id":3189,"href":"https:\/\/centriboet.com\/fr\/wp-json\/wp\/v2\/pages\/169\/revisions\/3189"}],"wp:attachment":[{"href":"https:\/\/centriboet.com\/fr\/wp-json\/wp\/v2\/media?parent=169"}],"curies":[{"name":"wp","href":"https:\/\/api.w.org\/{rel}","templated":true}]}}