
{"id":1797,"date":"2011-07-14T19:45:29","date_gmt":"2011-07-14T19:45:29","guid":{"rendered":"https:\/\/centriboet.com\/about\/"},"modified":"2017-07-18T09:54:47","modified_gmt":"2017-07-18T09:54:47","slug":"about-us","status":"publish","type":"page","link":"https:\/\/centriboet.com\/fr\/about-us\/","title":{"rendered":"Entreprise"},"content":{"rendered":"<h2>\u00c0 propos de nous<\/h2>\n<div class=\"row \">\n<div class=\"span8 \"><div class=\"row \">\n<div class=\"span3 \"><p><img loading=\"lazy\" decoding=\"async\" class=\"alignnone size-medium wp-image-2274\" src=\"https:\/\/centriboet.com\/wp-content\/uploads\/2011\/07\/Empresa_02-300x225.jpg\" alt=\"\" width=\"300\" height=\"225\" srcset=\"https:\/\/centriboet.com\/wp-content\/uploads\/2011\/07\/Empresa_02-300x225.jpg 300w, https:\/\/centriboet.com\/wp-content\/uploads\/2011\/07\/Empresa_02-200x150.jpg 200w, https:\/\/centriboet.com\/wp-content\/uploads\/2011\/07\/Empresa_02.jpg 400w\" sizes=\"auto, (max-width: 300px) 100vw, 300px\" \/><\/p><\/div>\n<div class=\"span5 \"><p>CENTRIBOET est une soci\u00e9t\u00e9 d\u00e9di\u00e9e \u00e0 la location d\u2019unit\u00e9s mobiles de d\u00e9shydratation de boues, par centrifugation avec des capacit\u00e9s de traitement allant de 3 m\u00b3\/h \u00e0 90 m\u00b3\/h de d\u00e9bit hydrauliques et que depuis de 25 ans on met \u00e0 disposition de nos clients dans le domaine des usines d\u2019\u00e9puration des eaux urbaines et des eaux us\u00e9es industrielles.<\/p>\n<p>Notre expertise sur centrifugeuses nous permet aussi de r\u00e9parer et de reconditionner des \u00e9quipements de centrifugation de tout type. Nous avons notre propre atelier avec du personnel et de l\u2019\u00e9quipement sp\u00e9cialis\u00e9 pour le soudage, \u00e9quilibrage, la peinture, etc.<\/p>\n<p>Toutes ces ann\u00e9es d\u2019exp\u00e9rience dans la location et la r\u00e9paration de centrifugeuses, nous a \u00e9galement servi \u00e0 dessiner et construire les centrifugeuses CENTRIBOET, con\u00e7ues pour r\u00e9pondre aux besoins de d\u00e9shydratation des boues avec une charge \u00e9lev\u00e9e de solides.<\/p>\n<p>Nos solutions de d\u00e9shydratation de boues fixes et mobiles visent \u00e0 vous servir partout, notamment dans l\u2019Europe et l\u2019Am\u00e9rique du Sud, qui sont nos march\u00e9s principaux, et toujours conseill\u00e9s par notre \u00e9quipe de sp\u00e9cialistes qui sont la garantie d\u2019une solution optimale, au moment opportun, au bon endroit\u00a0et au bon prix.<\/p>\n<p><a href=\"https:\/\/centriboet.com\/wp-content\/uploads\/2017\/03\/Plaquette.pdf\"><span style=\"color: #3366ff;\">Plaquette en PDF<\/span><\/a><\/p><\/div>\n<\/div> <!-- .row (end) --><\/div>\n<div class=\"span4 \"><div class=\"list styled ok-circle-list\">\n<p><img loading=\"lazy\" decoding=\"async\" class=\"alignnone size-medium wp-image-2322\" src=\"https:\/\/centriboet.com\/wp-content\/uploads\/2011\/07\/Soluciones_01-300x225.jpg\" alt=\"\" width=\"300\" height=\"225\" srcset=\"https:\/\/centriboet.com\/wp-content\/uploads\/2011\/07\/Soluciones_01-300x225.jpg 300w, https:\/\/centriboet.com\/wp-content\/uploads\/2011\/07\/Soluciones_01-200x150.jpg 200w, https:\/\/centriboet.com\/wp-content\/uploads\/2011\/07\/Soluciones_01.jpg 400w\" sizes=\"auto, (max-width: 300px) 100vw, 300px\" \/><\/p>\n<p><img loading=\"lazy\" decoding=\"async\" class=\"alignnone size-medium wp-image-2323\" src=\"https:\/\/centriboet.com\/wp-content\/uploads\/2011\/07\/Soluciones_02-300x224.jpg\" alt=\"\" width=\"300\" height=\"224\" srcset=\"https:\/\/centriboet.com\/wp-content\/uploads\/2011\/07\/Soluciones_02-300x224.jpg 300w, https:\/\/centriboet.com\/wp-content\/uploads\/2011\/07\/Soluciones_02-200x150.jpg 200w, https:\/\/centriboet.com\/wp-content\/uploads\/2011\/07\/Soluciones_02.jpg 400w\" sizes=\"auto, (max-width: 300px) 100vw, 300px\" \/><\/p>\n<\/div><\/div>\n<\/div><!-- .row (end) -->\n<div class=\"content_box extrabox_2 \"><div class=\"clear\"><\/div><\/div><!-- .content_box (end) -->\n<h3>En tant que sp\u00e9cialistes en centrifugation, les principales solutions que nous pouvons vous fournir:<\/h3>\n<div class=\"span2 \"><strong>D\u00e9shydratation des boues et la s\u00e9paration solide\/liquide<\/strong><br \/><\/div>\n<div class=\"span2 \"><strong>Vidange et d\u00e9shydratation des boues des digesteurs ana\u00e9robies<\/strong><br \/><\/div>\n<div class=\"span2 \"><strong>Vidange et d\u00e9shydratation des boues de bassins industriels<\/strong><br \/><\/div>\n<div class=\"span2 \"><strong>Vidange et d\u00e9shydratation des boues de lagunes<\/strong><br \/><\/div>\n<div class=\"span2 \"><strong>Vidange et d\u00e9shydratation des boues de dragage<\/strong><br \/><\/div>\n<div class=\"span2 \"><strong>\u00c9paississement m\u00e9canique des boues<\/strong><br \/><\/div>\n<div class=\"clear\"><\/div><\/div><!-- .content_box (end) -->\n<div class=\"content_box extrabox_2 \">\n<div class=\"span2 \"><strong>Remplacement des \u00e9quipements pour l\u2019entretien et la r\u00e9paration<\/strong><br \/><\/div>\n<div class=\"span2 \"><strong>R\u00e9paration et optimisation des centrifugeuses<\/strong><br \/><\/div>\n<div class=\"span2 \"><strong>Centrifugeuses pour haute teneur en solides<\/strong><br \/><\/div>\n<div class=\"span2 \"><strong>Vente de centrifugeuses neuves et reconditionn\u00e9es<\/strong><br \/><\/div>\n<div class=\"span2 \"><strong>Service apr\u00e8s-vente d\u2019\u00e9quipement hydraulique Viscotherm<\/strong><br \/><\/div>\n<div class=\"clear\"><\/div><\/div><!-- .content_box (end) -->\n<div class=\"content_box extrabox_3 \">\n<h2>Video:<\/h2>\n<div class=\"row \">\n<div class=\"span3 \"><span class=\"dropcap\">1<\/span><!-- .dropcap (end) -->\n<p><iframe loading=\"lazy\" width=\"400\" height=\"300\" src=\"https:\/\/www.youtube.com\/embed\/xcCwZBkpjSk?feature=oembed\" frameborder=\"0\" allowfullscreen><\/iframe><\/p><\/div>\n<div class=\"span3 \"><span class=\"dropcap\">2<\/span><!-- .dropcap (end) -->\n<p><iframe loading=\"lazy\" width=\"533\" height=\"300\" src=\"https:\/\/www.youtube.com\/embed\/wZjeVVJL5lo?feature=oembed\" frameborder=\"0\" allowfullscreen><\/iframe><\/p><\/div>\n<div class=\"span3 \"><span class=\"dropcap\">3<\/span><!-- .dropcap (end) -->\n<p><iframe loading=\"lazy\" width=\"400\" height=\"300\" src=\"https:\/\/www.youtube.com\/embed\/axq382E9WQ8?feature=oembed\" frameborder=\"0\" allowfullscreen><\/iframe><\/p><\/div>\n<div class=\"span3 \"><span class=\"dropcap\">4<\/span><!-- .dropcap (end) -->\n<p><iframe loading=\"lazy\" width=\"400\" height=\"300\" src=\"https:\/\/www.youtube.com\/embed\/QBh628wcgL0?feature=oembed\" frameborder=\"0\" allowfullscreen><\/iframe><\/p><\/div>\n<\/div><!-- .row (end) -->\n<div class=\"clear\"><\/div><\/div><!-- .content_box (end) -->\n<div class=\"content_box extrabox_5 \">\n<h2><\/h2>","protected":false},"excerpt":{"rendered":"<p>D\u00e9sol\u00e9, cet article est seulement disponible en English.<\/p>\n","protected":false},"author":1,"featured_media":0,"parent":0,"menu_order":1,"comment_status":"closed","ping_status":"closed","template":"page-fullwidth.php","meta":{"footnotes":""},"class_list":["post-1797","page","type-page","status-publish","hentry"],"_links":{"self":[{"href":"https:\/\/centriboet.com\/fr\/wp-json\/wp\/v2\/pages\/1797","targetHints":{"allow":["GET"]}}],"collection":[{"href":"https:\/\/centriboet.com\/fr\/wp-json\/wp\/v2\/pages"}],"about":[{"href":"https:\/\/centriboet.com\/fr\/wp-json\/wp\/v2\/types\/page"}],"author":[{"embeddable":true,"href":"https:\/\/centriboet.com\/fr\/wp-json\/wp\/v2\/users\/1"}],"replies":[{"embeddable":true,"href":"https:\/\/centriboet.com\/fr\/wp-json\/wp\/v2\/comments?post=1797"}],"version-history":[{"count":75,"href":"https:\/\/centriboet.com\/fr\/wp-json\/wp\/v2\/pages\/1797\/revisions"}],"predecessor-version":[{"id":2935,"href":"https:\/\/centriboet.com\/fr\/wp-json\/wp\/v2\/pages\/1797\/revisions\/2935"}],"wp:attachment":[{"href":"https:\/\/centriboet.com\/fr\/wp-json\/wp\/v2\/media?parent=1797"}],"curies":[{"name":"wp","href":"https:\/\/api.w.org\/{rel}","templated":true}]}}