
{"id":203,"date":"2011-09-14T09:45:02","date_gmt":"2011-09-14T09:45:02","guid":{"rendered":"https:\/\/centriboet.com\/"},"modified":"2019-02-22T08:56:53","modified_gmt":"2019-02-22T08:56:53","slug":"main","status":"publish","type":"page","link":"https:\/\/centriboet.com\/fr\/","title":{"rendered":"Accueil"},"content":{"rendered":"<div class=\"content_box extrabox_1 \"><section class=\"lazy-load-box trigger effect-slidefromleft \" data-delay=\"10\" data-speed=\"550\" style=\"-webkit-transition: all 550ms ease; -moz-transition: all 550ms ease; -ms-transition: all 550ms ease; -o-transition: all 550ms ease; transition: all 550ms ease;\"><div class=\"hero-unit \"><h1>nos services<\/h1><\/div><!-- .hero-unit (end) --><\/section><div class=\"row \"><div class=\"span3 \"><section class=\"lazy-load-box trigger effect-slidefromleft \" data-delay=\"400\" data-speed=\"550\" style=\"-webkit-transition: all 550ms ease; -moz-transition: all 550ms ease; -ms-transition: all 550ms ease; -o-transition: all 550ms ease; transition: all 550ms ease;\"><div class=\"banner-wrap extrabanner_1\"><figure class=\"featured-thumbnail\"><a href=\"https:\/\/centriboet.com\/fr\/rent\/\" title=\"Location de centrifugeuses\"><img decoding=\"async\" src=\"https:\/\/centriboet.com\/wp-content\/uploads\/2017\/02\/banner-1.jpg\" title=\"Location de centrifugeuses\" alt=\"\" \/><\/a><\/figure><div class=\"extra-wrap\"><h5>Location de centrifugeuses<\/h5><p>Unit\u00e9s mobiles de centrifugation \u00e0 location pour traiter des d\u00e9bits jusqu'\u00e0 90 m3\/h.<\/p><div class=\"link-align banner-btn\"><a href=\"https:\/\/centriboet.com\/fr\/rent\/\" title=\"plus\" class=\"btn btn-link\" target=\"_self\">plus<\/a><\/div><\/div><\/div><!-- .banner-wrap (end) --><\/section><\/div><div class=\"span3 \"><section class=\"lazy-load-box trigger effect-slidefromleft \" data-delay=\"100\" data-speed=\"550\" style=\"-webkit-transition: all 550ms ease; -moz-transition: all 550ms ease; -ms-transition: all 550ms ease; -o-transition: all 550ms ease; transition: all 550ms ease;\"><div class=\"banner-wrap extrabanner_1\"><figure class=\"featured-thumbnail\"><a href=\" https:\/\/centriboet.com\/fr\/repairing\/\" title=\"R\u00e9paration de centrifugeuses\"><img decoding=\"async\" src=\"https:\/\/centriboet.com\/wp-content\/uploads\/2017\/07\/Reparacio.jpg\" title=\"R\u00e9paration de centrifugeuses\" alt=\"\" \/><\/a><\/figure><div class=\"extra-wrap\"><h5>R\u00e9paration de centrifugeuses<\/h5><p>Atelier specialis\u00e9 \u00e0 l'entretien, r\u00e9paration et remise en \u00e9tat de centrifugeuses<\/p><div class=\"link-align banner-btn\"><a href=\" https:\/\/centriboet.com\/fr\/repairing\/\" title=\"plus\" class=\"btn btn-link\" target=\"_self\">plus<\/a><\/div><\/div><\/div><!-- .banner-wrap (end) --><\/section><\/div><div class=\"span3 \"><section class=\"lazy-load-box trigger effect-slidefromright \" data-delay=\"200\" data-speed=\"550\" style=\"-webkit-transition: all 550ms ease; -moz-transition: all 550ms ease; -ms-transition: all 550ms ease; -o-transition: all 550ms ease; transition: all 550ms ease;\"><div class=\"banner-wrap extrabanner_1\"><figure class=\"featured-thumbnail\"><a href=\"https:\/\/centriboet.com\/fr\/fabrication\/\" title=\"Fabrication de centrifugeuses\"><img decoding=\"async\" src=\"https:\/\/centriboet.com\/wp-content\/uploads\/2017\/02\/banner-3.jpg\" title=\"Fabrication de centrifugeuses\" alt=\"\" \/><\/a><\/figure><div class=\"extra-wrap\"><h5>Fabrication de centrifugeuses<\/h5><p>Centrifugeuses pour travailler dans les conditions les plus exigantes<\/p><div class=\"link-align banner-btn\"><a href=\"https:\/\/centriboet.com\/fr\/fabrication\/\" title=\"plus\" class=\"btn btn-link\" target=\"_self\">plus<\/a><\/div><\/div><\/div><!-- .banner-wrap (end) --><\/section><\/div><div class=\"span3 \"><section class=\"lazy-load-box trigger effect-slidefromright \" data-delay=\"300\" data-speed=\"550\" style=\"-webkit-transition: all 550ms ease; -moz-transition: all 550ms ease; -ms-transition: all 550ms ease; -o-transition: all 550ms ease; transition: all 550ms ease;\"><div class=\"banner-wrap extrabanner_1\"><figure class=\"featured-thumbnail\"><a href=\"https:\/\/centriboet.com\/fr\/additional-services\/\" title=\"Services suppl\u00e9mentaires\"><img decoding=\"async\" src=\"https:\/\/centriboet.com\/wp-content\/uploads\/2017\/02\/banner-4.jpg\" title=\"Services suppl\u00e9mentaires\" alt=\"\" \/><\/a><\/figure><div class=\"extra-wrap\"><h5>Services suppl\u00e9mentaires<\/h5><p>\u00e9quipements pour traiter sur site les boues de dragage, de bassin et de digesteurs<\/p><div class=\"link-align banner-btn\"><a href=\"https:\/\/centriboet.com\/fr\/additional-services\/\" title=\"plus\" class=\"btn btn-link\" target=\"_self\">plus<\/a><\/div><\/div><\/div><!-- .banner-wrap (end) --><\/section><\/div><\/div><!-- .row (end) --><div class=\"clear\"><\/div><\/div><!-- .content_box (end) --><div class=\"row \"><div class=\"span12 \"><div class=\"content_box extrabox_2 \"><section class=\"lazy-load-box trigger effect-slideup \" data-delay=\"50\" data-speed=\"550\" style=\"-webkit-transition: all 550ms ease; -moz-transition: all 550ms ease; -ms-transition: all 550ms ease; -o-transition: all 550ms ease; transition: all 550ms ease;\">\n<div class=\"extra-wrap\">\n<h1>Un service de location simple, fiable et eficace<\/h1>\n<p>Les unit\u00e9s mobiles \u00e0 location vous offrent des solutions flexibles en remplacement ou en compl\u00e9ment d'installations fixes de d\u00e9shydratation de boues.<\/p>\n<\/div><a href=\"https:\/\/centriboet.com\/fr\/technical-specifications\/\" title=\"lire plus\" class=\"btn btn-primary btn-normal btn-inline extrabutton_1\" target=\"_self\">lire plus<\/a><!-- .btn --><\/section><div class=\"clear\"><\/div><\/div><!-- .content_box (end) --><\/div><\/div><!-- .row (end) --><div class=\"row \"><div class=\"span4 extrastyle_1\"><section class=\"lazy-load-box trigger effect-slidefromleft \" data-delay=\"50\" data-speed=\"550\" style=\"-webkit-transition: all 550ms ease; -moz-transition: all 550ms ease; -ms-transition: all 550ms ease; -o-transition: all 550ms ease; transition: all 550ms ease;\">\n<h2>Clients<\/h2>\n<\/section><section class=\"lazy-load-box trigger effect-slidefromleft \" data-delay=\"150\" data-speed=\"550\" style=\"-webkit-transition: all 550ms ease; -moz-transition: all 550ms ease; -ms-transition: all 550ms ease; -o-transition: all 550ms ease; transition: all 550ms ease;\">\n<p>AGBAR \/ AQUALOGY \/ ACSA \/ AG\u00c8NCIA CATALANA DE L\u2019AIGUA \/ SUEZ \/ COMSA \/ URBASER \/ BIOIB\u00c8RICA \/ COCA-COLA \/ LUCTA \/ SAUR \/ KELLOGG\u2019S \/ BACARDI \/ VALORGA \/ VEOLIA EAU \/ DANONE \/ SIMMAR \/ SMURFIT \/ ENCE \/ TRADEBE \/ CADAGUA \/ ADOBINVE \/ TOTAL \/ AG\u00c8NCIA BALEAR DE L\u2019AIGUA \/ PATEL \/ SOLVAY \/ ACCIONA \/ L'OREAL \/ NESTL\u00c9 \/ BASF ...<\/p>\n<\/section><section class=\"lazy-load-box trigger effect-slidefromleft \" data-delay=\"250\" data-speed=\"550\" style=\"-webkit-transition: all 550ms ease; -moz-transition: all 550ms ease; -ms-transition: all 550ms ease; -o-transition: all 550ms ease; transition: all 550ms ease;\"><a href=\"https:\/\/centriboet.com\/fr\/clients\/\" title=\"plus\" class=\"btn btn-primary btn-normal btn-inline \" target=\"_self\">plus<\/a><!-- .btn --><\/section><\/div><div class=\"span1 \"><\/div><div class=\"span3 extrastyle_1\"><section class=\"lazy-load-box trigger effect-slidefromright \" data-delay=\"100\" data-speed=\"550\" style=\"-webkit-transition: all 550ms ease; -moz-transition: all 550ms ease; -ms-transition: all 550ms ease; -o-transition: all 550ms ease; transition: all 550ms ease;\">\n<h2>R\u00e9alisations<\/h2>\n<\/section><section class=\"lazy-load-box trigger effect-slidefromright \" data-delay=\"200\" data-speed=\"550\" style=\"-webkit-transition: all 550ms ease; -moz-transition: all 550ms ease; -ms-transition: all 550ms ease; -o-transition: all 550ms ease; transition: all 550ms ease;\">\n<p>Les solutions mobiles de d\u00e9shydratation de boues d\u00e9velopp\u00e9es depuis 25 ans par Centriboet, constituent une r\u00e9ponse temporaire adapt\u00e9e aux enjeux rencontr\u00e9s par l\u2019industrie de l\u2019\u00e9puration des eaux r\u00e9siduaires. Voici quelques exemples de travaux r\u00e9alis\u00e9s pour nos \u00e9quipements.<\/p>\n<\/section><section class=\"lazy-load-box trigger effect-slidefromright \" data-delay=\"250\" data-speed=\"550\" style=\"-webkit-transition: all 550ms ease; -moz-transition: all 550ms ease; -ms-transition: all 550ms ease; -o-transition: all 550ms ease; transition: all 550ms ease;\"><a href=\"https:\/\/centriboet.com\/fr\/our-work\/\" title=\"plus\" class=\"btn btn-primary btn-normal btn-inline \" target=\"_self\">plus<\/a><!-- .btn --><\/section><\/div><div class=\"span1 \"><\/div><div class=\"span3 \"><section class=\"lazy-load-box trigger effect-slidefromright \" data-delay=\"300\" data-speed=\"550\" style=\"-webkit-transition: all 550ms ease; -moz-transition: all 550ms ease; -ms-transition: all 550ms ease; -o-transition: all 550ms ease; transition: all 550ms ease;\">\n<h2>Actualit\u00e9s<\/h2>\n<\/section><section class=\"lazy-load-box trigger effect-slidefromright \" data-delay=\"350\" data-speed=\"550\" style=\"-webkit-transition: all 550ms ease; -moz-transition: all 550ms ease; -ms-transition: all 550ms ease; -o-transition: all 550ms ease; transition: all 550ms ease;\"><ul class=\"recent-posts extrarecentpost_1 unstyled\"><li class=\"recent-posts_li post-3088 post type-post status-publish format-standard hentry category-sin-categoria cat-1-id  list-item-0\"><span class=\"meta\"><span class=\"post-date\">15.10<\/span><\/span><h5><a href=\"https:\/\/centriboet.com\/fr\/descontaminacio-i-limpieza-utilitzant-unidats-mobils-de-deshidratacio\/\" title=\"Travaux de d\u00e9pollution et de curage en utilisant des d\u00e9canteurs\">Travaux de d\u00e9pollution et de curage en utilisant des d\u00e9canteurs<\/a><\/h5><div class=\"excerpt\">Vid\u00e9o a\u00e9rienne des travaux de d\u00e9pollution et... <\/div><a href=\"https:\/\/centriboet.com\/fr\/descontaminacio-i-limpieza-utilitzant-unidats-mobils-de-deshidratacio\/\" class=\"btn btn-primary\" title=\"Travaux de d\u00e9pollution et de curage en utilisant des d\u00e9canteurs\">lire plus<\/a><div class=\"clear\"><\/div><\/li><!-- .entry (end) --><li class=\"recent-posts_li post-3058 post type-post status-publish format-standard hentry category-sin-categoria cat-1-id  list-item-1\"><span class=\"meta\"><span class=\"post-date\">24.07<\/span><\/span><h5><a href=\"https:\/\/centriboet.com\/fr\/com-fer-front-als-excesos-puntuals\/\" title=\"FAIRE FACE AUX EXC\u00c8S INATTENDUS\">FAIRE FACE AUX EXC\u00c8S INATTENDUS<\/a><\/h5><div class=\"excerpt\">Les installations d'\u00e9puration urbaines et industrielles sont... <\/div><a href=\"https:\/\/centriboet.com\/fr\/com-fer-front-als-excesos-puntuals\/\" class=\"btn btn-primary\" title=\"FAIRE FACE AUX EXC\u00c8S INATTENDUS\">lire plus<\/a><div class=\"clear\"><\/div><\/li><!-- .entry (end) --><li class=\"recent-posts_li post-2973 post type-post status-publish format-standard hentry category-sin-categoria cat-1-id  list-item-2\"><span class=\"meta\"><span class=\"post-date\">12.06<\/span><\/span><h5><a href=\"https:\/\/centriboet.com\/fr\/buidat-de-basses-i-llacunes\/\" title=\"Vidange de bassins et lagunes\">Vidange de bassins et lagunes<\/a><\/h5><div class=\"excerpt\">Dans le cas des bassins industriels et... <\/div><a href=\"https:\/\/centriboet.com\/fr\/buidat-de-basses-i-llacunes\/\" class=\"btn btn-primary\" title=\"Vidange de bassins et lagunes\">lire plus<\/a><div class=\"clear\"><\/div><\/li><!-- .entry (end) --><\/ul><!-- .recent-posts (end) --><\/section><\/div><\/div><!-- .row (end) -->","protected":false},"excerpt":{"rendered":"","protected":false},"author":1,"featured_media":0,"parent":0,"menu_order":0,"comment_status":"closed","ping_status":"closed","template":"page-home.php","meta":{"footnotes":""},"class_list":["post-203","page","type-page","status-publish","hentry","cat-1-id"],"_links":{"self":[{"href":"https:\/\/centriboet.com\/fr\/wp-json\/wp\/v2\/pages\/203","targetHints":{"allow":["GET"]}}],"collection":[{"href":"https:\/\/centriboet.com\/fr\/wp-json\/wp\/v2\/pages"}],"about":[{"href":"https:\/\/centriboet.com\/fr\/wp-json\/wp\/v2\/types\/page"}],"author":[{"embeddable":true,"href":"https:\/\/centriboet.com\/fr\/wp-json\/wp\/v2\/users\/1"}],"replies":[{"embeddable":true,"href":"https:\/\/centriboet.com\/fr\/wp-json\/wp\/v2\/comments?post=203"}],"version-history":[{"count":249,"href":"https:\/\/centriboet.com\/fr\/wp-json\/wp\/v2\/pages\/203\/revisions"}],"predecessor-version":[{"id":3190,"href":"https:\/\/centriboet.com\/fr\/wp-json\/wp\/v2\/pages\/203\/revisions\/3190"}],"wp:attachment":[{"href":"https:\/\/centriboet.com\/fr\/wp-json\/wp\/v2\/media?parent=203"}],"curies":[{"name":"wp","href":"https:\/\/api.w.org\/{rel}","templated":true}]}}