
{"id":2376,"date":"2017-02-22T14:52:50","date_gmt":"2017-02-22T14:52:50","guid":{"rendered":"https:\/\/centriboet.com\/?page_id=2376"},"modified":"2018-05-24T16:48:20","modified_gmt":"2018-05-24T16:48:20","slug":"sol%c2%b7licitar-pressupost","status":"publish","type":"page","link":"https:\/\/centriboet.com\/fr\/sol%c2%b7licitar-pressupost\/","title":{"rendered":"Demandez votre devis"},"content":{"rendered":"<div class=\"wpcf7 no-js\" id=\"wpcf7-f2404-o3\" lang=\"es-ES\" dir=\"ltr\" data-wpcf7-id=\"2404\">\n<div class=\"screen-reader-response\"><p role=\"status\" aria-live=\"polite\" aria-atomic=\"true\"><\/p> <ul><\/ul><\/div>\n<form action=\"\/fr\/wp-json\/wp\/v2\/pages\/2376#wpcf7-f2404-o3\" method=\"post\" class=\"wpcf7-form init\" aria-label=\"Formulario de contacto\" novalidate=\"novalidate\" data-status=\"init\">\n<fieldset class=\"hidden-fields-container\"><input type=\"hidden\" name=\"_wpcf7\" value=\"2404\" \/><input type=\"hidden\" name=\"_wpcf7_version\" value=\"6.1.5\" \/><input type=\"hidden\" name=\"_wpcf7_locale\" value=\"es_ES\" \/><input type=\"hidden\" name=\"_wpcf7_unit_tag\" value=\"wpcf7-f2404-o3\" \/><input type=\"hidden\" name=\"_wpcf7_container_post\" value=\"0\" \/><input type=\"hidden\" name=\"_wpcf7_posted_data_hash\" value=\"\" \/>\n<\/fieldset>\n<div class=\"row-fluid\">\n\t<p class=\"span4 field\"><span class=\"wpcf7-form-control-wrap\" data-name=\"NOMBRE\"><input size=\"40\" maxlength=\"400\" class=\"wpcf7-form-control wpcf7-text wpcf7-validates-as-required\" aria-required=\"true\" aria-invalid=\"false\" placeholder=\"Name\" value=\"\" type=\"text\" name=\"NOMBRE\" \/><\/span>\n\t<\/p>\n\t<p class=\"span4 field\"><span class=\"wpcf7-form-control-wrap\" data-name=\"APELLIDO\"><input size=\"40\" maxlength=\"400\" class=\"wpcf7-form-control wpcf7-text wpcf7-validates-as-required\" aria-required=\"true\" aria-invalid=\"false\" placeholder=\"Prenom\" value=\"\" type=\"text\" name=\"APELLIDO\" \/><\/span>\n\t<\/p>\n\t<p class=\"span4 field\"><span class=\"wpcf7-form-control-wrap\" data-name=\"TRATAMIENTO\"><input size=\"40\" maxlength=\"400\" class=\"wpcf7-form-control wpcf7-text\" aria-invalid=\"false\" placeholder=\"Titre\" value=\"\" type=\"text\" name=\"TRATAMIENTO\" \/><\/span>\n\t<\/p>\n\t<p class=\"span3 field\"><span class=\"wpcf7-form-control-wrap\" data-name=\"EMPRESA\"><input size=\"40\" maxlength=\"400\" class=\"wpcf7-form-control wpcf7-text wpcf7-validates-as-required\" aria-required=\"true\" aria-invalid=\"false\" placeholder=\"Soci\u00e9t\u00e9\" value=\"\" type=\"text\" name=\"EMPRESA\" \/><\/span>\n\t<\/p>\n\t<p class=\"span3 field\"><span class=\"wpcf7-form-control-wrap\" data-name=\"PAIS\"><input size=\"40\" maxlength=\"400\" class=\"wpcf7-form-control wpcf7-text wpcf7-validates-as-required\" aria-required=\"true\" aria-invalid=\"false\" placeholder=\"Pays\" value=\"\" type=\"text\" name=\"PAIS\" \/><\/span>\n\t<\/p>\n\t<p class=\"span3 field\"><span class=\"wpcf7-form-control-wrap\" data-name=\"EMAIL\"><input size=\"40\" maxlength=\"400\" class=\"wpcf7-form-control wpcf7-email wpcf7-validates-as-required wpcf7-text wpcf7-validates-as-email\" aria-required=\"true\" aria-invalid=\"false\" placeholder=\"Email\" value=\"\" type=\"email\" name=\"EMAIL\" \/><\/span>\n\t<\/p>\n\t<p class=\"span9 field\"><span class=\"wpcf7-form-control-wrap\" data-name=\"DIRECCION\"><input size=\"40\" maxlength=\"400\" class=\"wpcf7-form-control wpcf7-text wpcf7-validates-as-required\" aria-required=\"true\" aria-invalid=\"false\" placeholder=\"Adresse\" value=\"\" type=\"text\" name=\"DIRECCION\" \/><\/span>\n\t<\/p>\n\t<p class=\" field\">\n\t<\/p>\n\t<p class=\"span3 field\"><span class=\"wpcf7-form-control-wrap\" data-name=\"CIUDAD\"><input size=\"40\" maxlength=\"400\" class=\"wpcf7-form-control wpcf7-text wpcf7-validates-as-required\" aria-required=\"true\" aria-invalid=\"false\" placeholder=\"Ville\" value=\"\" type=\"text\" name=\"CIUDAD\" \/><\/span>\n\t<\/p>\n\t<p class=\"span3 field\"><span class=\"wpcf7-form-control-wrap\" data-name=\"PROVINCIA\"><input size=\"40\" maxlength=\"400\" class=\"wpcf7-form-control wpcf7-text wpcf7-validates-as-required\" aria-required=\"true\" aria-invalid=\"false\" placeholder=\"Province\" value=\"\" type=\"text\" name=\"PROVINCIA\" \/><\/span>\n\t<\/p>\n\t<p class=\"span3 field\"><span class=\"wpcf7-form-control-wrap\" data-name=\"CODIGOPOSTAL\"><input size=\"40\" maxlength=\"400\" class=\"wpcf7-form-control wpcf7-text wpcf7-validates-as-required\" aria-required=\"true\" aria-invalid=\"false\" placeholder=\"Code postal\" value=\"\" type=\"text\" name=\"CODIGOPOSTAL\" \/><\/span>\n\t<\/p>\n\t<p class=\"span4 field\"><span class=\"wpcf7-form-control-wrap\" data-name=\"TELEFONO\"><input size=\"40\" maxlength=\"400\" class=\"wpcf7-form-control wpcf7-tel wpcf7-validates-as-required wpcf7-text wpcf7-validates-as-tel\" aria-required=\"true\" aria-invalid=\"false\" placeholder=\"T\u00e9l\u00e9phone\" value=\"\" type=\"tel\" name=\"TELEFONO\" \/><\/span>\n\t<\/p>\n\t<p class=\"span5 field\"><span class=\"wpcf7-form-control-wrap\" data-name=\"FAX\"><input size=\"40\" maxlength=\"400\" class=\"wpcf7-form-control wpcf7-tel wpcf7-text wpcf7-validates-as-tel\" aria-invalid=\"false\" placeholder=\"FAX\" value=\"\" type=\"tel\" name=\"FAX\" \/><\/span>\n\t<\/p>\n<\/div>\n<hr \/>\n<div class=\"row-fluid\">\n\t<h3>Informations du Projet\n\t<\/h3>\n\t<p class=\"span3 field\"><span class=\"wpcf7-form-control-wrap\" data-name=\"FECHADEINICIO\"><input size=\"40\" maxlength=\"400\" class=\"wpcf7-form-control wpcf7-text wpcf7-validates-as-required\" aria-required=\"true\" aria-invalid=\"false\" placeholder=\"Date de d\u00e9but\" value=\"\" type=\"text\" name=\"FECHADEINICIO\" \/><\/span>\n\t<\/p>\n\t<p class=\"span3 field\"><span class=\"wpcf7-form-control-wrap\" data-name=\"CIUDAD_02\"><input size=\"40\" maxlength=\"400\" class=\"wpcf7-form-control wpcf7-text wpcf7-validates-as-required\" aria-required=\"true\" aria-invalid=\"false\" placeholder=\"Ville\" value=\"\" type=\"text\" name=\"CIUDAD_02\" \/><\/span>\n\t<\/p>\n\t<p class=\"span3 field\"><span class=\"wpcf7-form-control-wrap\" data-name=\"PROVINCIA_02\"><input size=\"40\" maxlength=\"400\" class=\"wpcf7-form-control wpcf7-text wpcf7-validates-as-required\" aria-required=\"true\" aria-invalid=\"false\" placeholder=\"Province\" value=\"\" type=\"text\" name=\"PROVINCIA_02\" \/><\/span>\n\t<\/p>\n<\/div>\n<hr \/>\n<div class=\"row-fluid\">\n\t<h3>S\u00e9lectionner les types de boues \u00e0 traiter\n\t<\/h3>\n\t<p class=\"span12 field\"><span class=\"wpcf7-form-control-wrap\" data-name=\"fango_a_trata\"><span class=\"wpcf7-form-control wpcf7-checkbox wpcf7-validates-as-required\"><span class=\"wpcf7-list-item first\"><input type=\"checkbox\" name=\"fango_a_trata[]\" value=\"Boues biologiques\" \/><span class=\"wpcf7-list-item-label\">Boues biologiques<\/span><\/span><span class=\"wpcf7-list-item\"><input type=\"checkbox\" name=\"fango_a_trata[]\" value=\"Boues physico-chimiques\" \/><span class=\"wpcf7-list-item-label\">Boues physico-chimiques<\/span><\/span><span class=\"wpcf7-list-item\"><input type=\"checkbox\" name=\"fango_a_trata[]\" value=\"Boues de digesteur\" \/><span class=\"wpcf7-list-item-label\">Boues de digesteur<\/span><\/span><span class=\"wpcf7-list-item last\"><input type=\"checkbox\" name=\"fango_a_trata[]\" value=\"Autres\" \/><span class=\"wpcf7-list-item-label\">Autres<\/span><\/span><\/span><\/span>\n\t<\/p>\n<\/div>\n<hr \/>\n<div class=\"row-fluid\">\n\t<h3>S\u00e9lectionner la dur\u00e9e pr\u00e9vue de location\n\t<\/h3>\n\t<p class=\"span12 field\"><span class=\"wpcf7-form-control-wrap\" data-name=\"duracion\"><span class=\"wpcf7-form-control wpcf7-checkbox wpcf7-validates-as-required\"><span class=\"wpcf7-list-item first\"><input type=\"checkbox\" name=\"duracion[]\" value=\"Moins d\u2019une semaine\" \/><span class=\"wpcf7-list-item-label\">Moins d\u2019une semaine<\/span><\/span><span class=\"wpcf7-list-item\"><input type=\"checkbox\" name=\"duracion[]\" value=\"Moins d\u2019un mois\" \/><span class=\"wpcf7-list-item-label\">Moins d\u2019un mois<\/span><\/span><span class=\"wpcf7-list-item\"><input type=\"checkbox\" name=\"duracion[]\" value=\"Plus d\u2019un mois\" \/><span class=\"wpcf7-list-item-label\">Plus d\u2019un mois<\/span><\/span><span class=\"wpcf7-list-item last\"><input type=\"checkbox\" name=\"duracion[]\" value=\"Autres\" \/><span class=\"wpcf7-list-item-label\">Autres<\/span><\/span><\/span><\/span>\n\t<\/p>\n<\/div>\n<hr \/>\n<div class=\"row-fluid\">\n\t<h3>S\u00e9lectionner la tenure en solides des boues\n\t<\/h3>\n\t<p class=\"span12 field\"><span class=\"wpcf7-form-control-wrap\" data-name=\"concentracin_fangos\"><span class=\"wpcf7-form-control wpcf7-checkbox wpcf7-validates-as-required\"><span class=\"wpcf7-list-item first\"><input type=\"checkbox\" name=\"concentracin_fangos[]\" value=\"Moins de 10 gr\/L\" \/><span class=\"wpcf7-list-item-label\">Moins de 10 gr\/L<\/span><\/span><span class=\"wpcf7-list-item\"><input type=\"checkbox\" name=\"concentracin_fangos[]\" value=\"10 \u00e0 50 gr\/L\" \/><span class=\"wpcf7-list-item-label\">10 \u00e0 50 gr\/L<\/span><\/span><span class=\"wpcf7-list-item\"><input type=\"checkbox\" name=\"concentracin_fangos[]\" value=\"50 \u00e0 100 gr\/L\" \/><span class=\"wpcf7-list-item-label\">50 \u00e0 100 gr\/L<\/span><\/span><span class=\"wpcf7-list-item last\"><input type=\"checkbox\" name=\"concentracin_fangos[]\" value=\"Plus de 100 gr\/L\" \/><span class=\"wpcf7-list-item-label\">Plus de 100 gr\/L<\/span><\/span><\/span><\/span>\n\t<\/p>\n<\/div>\n<hr \/>\n<div class=\"row-fluid\">\n\t<h3>S\u00e9lectionner les points suivants\n\t<\/h3>\n\t<p class=\"span12 field\"><span class=\"wpcf7-form-control-wrap\" data-name=\"contact\"><span class=\"wpcf7-form-control wpcf7-checkbox\"><span class=\"wpcf7-list-item first\"><input type=\"checkbox\" name=\"contact[]\" value=\"Demandez le rappel d\u2019un charg\u00e9 d\u2019affaires\" \/><span class=\"wpcf7-list-item-label\">Demandez le rappel d\u2019un charg\u00e9 d\u2019affaires<\/span><\/span><span class=\"wpcf7-list-item\"><input type=\"checkbox\" name=\"contact[]\" value=\"Ajoutez-moi \u00e0 votre liste de diffusion\" \/><span class=\"wpcf7-list-item-label\">Ajoutez-moi \u00e0 votre liste de diffusion<\/span><\/span><span class=\"wpcf7-list-item last\"><input type=\"checkbox\" name=\"contact[]\" value=\"Envoyez-moi une pr\u00e9sentation\" \/><span class=\"wpcf7-list-item-label\">Envoyez-moi une pr\u00e9sentation<\/span><\/span><\/span><\/span>\n\t<\/p>\n<\/div>\n<hr \/>\n<p class=\"field\"><br \/>\n<span class=\"wpcf7-form-control-wrap\" data-name=\"your-message\"><textarea cols=\"40\" rows=\"10\" maxlength=\"2000\" class=\"wpcf7-form-control wpcf7-textarea\" aria-invalid=\"false\" name=\"your-message\"><\/textarea><\/span>\n<\/p>\n<p class=\"submit-wrap\"><input type=\"reset\" value=\"Annuler\" class=\"btn btn-primary\" \/><input class=\"wpcf7-form-control wpcf7-submit has-spinner btn btn-primary\" type=\"submit\" value=\"Envoyer\" \/>\n<\/p><div class=\"wpcf7-response-output\" aria-hidden=\"true\"><\/div>\n<\/form>\n<\/div>\n\n<p>Conform\u00e9ment \u00e0 la Loi Organique 15\/1999 sur la Protection des Donn\u00e9es \u00e0 Caract\u00e8re Personnel et au R\u00e8glement G\u00e9n\u00e9ral 2016\/679 UE, nous vous informons que les donn\u00e9es personnelles que vous fournissez dans ce formulaire seront trait\u00e9es automatiquement et incluses dans les fichiers sous la responsabilit\u00e9 d'ANDREU BOET EQUIPAMENTS, SL. Les donn\u00e9es que vous Veuillez nous fournir, en particulier votre adresse \u00e9lectronique et votre adresse (s'il y a lieu), qui peuvent \u00eatre utilis\u00e9es pour envoyer des communications susceptibles de vous int\u00e9resser. La livraison des informations demand\u00e9es marqu\u00e9es d'un ast\u00e9risque (*) est obligatoire. Dans tous les cas, vous pouvez exercer vos droits d'acc\u00e8s, de rectification, de suppression, de portabilit\u00e9, d'opposition ou de limitation au traitement de vos donn\u00e9es personnelles en \u00e9crivant \u00e0 ANDREU BOET EQUIPAMENTS, SL, \u00e0 l'adresse indiqu\u00e9e ci-dessous. La demande d'exercice de leurs droits doit comprendre leur nom et pr\u00e9nom, la demande sp\u00e9cifiant leur demande, l'adresse pour la notification et la date et la signature du demandeur, ainsi qu'une photocopie de leur carte d'identit\u00e9. ou passeport, et les documents \u00e0 l'appui de la demande que vous faites. Tout cela, sans pr\u00e9judice des autres questions et\/ou proc\u00e9dures \u00e9tablies dans la r\u00e9glementation en vigueur \u00e0 cet \u00e9gard. Dans tous les cas, vous devrez utiliser tous les moyens pour prouver que votre demande a \u00e9t\u00e9 envoy\u00e9e et re\u00e7ue. Vous consentez \u00e9galement librement et avec les informations n\u00e9cessaires \u00e0 la livraison et au traitement des donn\u00e9es que vous nous fournissez, ainsi qu'au transfert des donn\u00e9es fournies \u00e0 des collaborateurs tiers n\u00e9cessaires au bon d\u00e9veloppement de notre site Web. L'adresse du responsable du dossier est : ANDREU BOET EQUIPAMENTS, SL, Passeig de Sant Gervasi, 33 - 08022 Barcelone.<br \/>","protected":false},"excerpt":{"rendered":"<p>Conform\u00e9ment \u00e0 la Loi Organique 15\/1999 sur la Protection des Donn\u00e9es \u00e0 Caract\u00e8re Personnel et au R\u00e8glement G\u00e9n\u00e9ral 2016\/679 UE, nous vous informons que les donn\u00e9es personnelles que vous fournissez dans ce formulaire seront trait\u00e9es automatiquement et incluses dans les fichiers sous la responsabilit\u00e9 d'ANDREU BOET EQUIPAMENTS, SL. Les donn\u00e9es que vous Veuillez nous fournir, en particulier votre adresse \u00e9lectronique&nbsp;<a href=\"https:\/\/centriboet.com\/fr\/sol%c2%b7licitar-pressupost\/\" class=\"read-more\">Lire la suite<\/a><\/p>\n","protected":false},"author":1,"featured_media":0,"parent":0,"menu_order":0,"comment_status":"closed","ping_status":"closed","template":"page-fullwidth.php","meta":{"footnotes":""},"class_list":["post-2376","page","type-page","status-publish","hentry"],"_links":{"self":[{"href":"https:\/\/centriboet.com\/fr\/wp-json\/wp\/v2\/pages\/2376","targetHints":{"allow":["GET"]}}],"collection":[{"href":"https:\/\/centriboet.com\/fr\/wp-json\/wp\/v2\/pages"}],"about":[{"href":"https:\/\/centriboet.com\/fr\/wp-json\/wp\/v2\/types\/page"}],"author":[{"embeddable":true,"href":"https:\/\/centriboet.com\/fr\/wp-json\/wp\/v2\/users\/1"}],"replies":[{"embeddable":true,"href":"https:\/\/centriboet.com\/fr\/wp-json\/wp\/v2\/comments?post=2376"}],"version-history":[{"count":20,"href":"https:\/\/centriboet.com\/fr\/wp-json\/wp\/v2\/pages\/2376\/revisions"}],"predecessor-version":[{"id":3082,"href":"https:\/\/centriboet.com\/fr\/wp-json\/wp\/v2\/pages\/2376\/revisions\/3082"}],"wp:attachment":[{"href":"https:\/\/centriboet.com\/fr\/wp-json\/wp\/v2\/media?parent=2376"}],"curies":[{"name":"wp","href":"https:\/\/api.w.org\/{rel}","templated":true}]}}