
{"id":2552,"date":"2017-03-02T11:41:14","date_gmt":"2017-03-02T11:41:14","guid":{"rendered":"https:\/\/centriboet.com\/?page_id=2552"},"modified":"2017-03-08T08:51:03","modified_gmt":"2017-03-08T08:51:03","slug":"rent","status":"publish","type":"page","link":"https:\/\/centriboet.com\/fr\/rent\/","title":{"rendered":"Location"},"content":{"rendered":"Les solutions mobiles de d\u00e9shydratation des boues vous offrent des solutions flexibles en remplacement ou en compl\u00e9ment d\u2019 installations fixes de d\u00e9shydratation des boues . Elles ont pour avantage \u00e9conomique un degr\u00e9 de standardisation tr\u00e8s pouss\u00e9 qui permet d\u2019abaisser notablement les co\u00fbts de d\u00e9veloppement, d\u2019assemblage, d\u2019acheminement et de mise en service.<\/p>\n<p>Les unit\u00e9s mobiles de d\u00e9shydratation sont disponibles pour intervenir rapidement et peuvent \u00eatre\u00a0lou\u00e9es pour des besoins sp\u00e9cifiques sur une courte ou une longue dur\u00e9e et vous avez la garantie d\u2019une\u00a0assistance permanente.<\/p>\n<p>Ce sont des unit\u00e9s mobiles compl\u00e8tes de d\u00e9shydratation des boues, constitu\u00e9es par une centrifugeuse,\u00a0pompe \u00e0 boues,\u00a0pompe \u00e0 polym\u00e8re, unit\u00e9 de pr\u00e9paration de floculant, panneau de contr\u00f4le avec\u00a0automate, alarmes et des syst\u00e8me d' O &amp; M et convoyeur ou vis d\u2019\u00e9vacuation des boues\u00a0d\u00e9shydrat\u00e9es.<\/p>\n<p>Nous avons une large gamme d'unit\u00e9s mobiles \u00e0 location de d\u00e9shydratation de boues allant de 3 m3\/h (120 kg\/MS\/h) \u00e0 90 m3\/h (5000 kg\/MS\/h) de la capacit\u00e9 de traitement hydraulique.<\/p>\n<p>Nous avons aussi des unit\u00e9s mobiles pour l'epaississement des boues\u00a0avec des capacit\u00e9s allant de 20 m3\/h \u00e0 60 m3\/h.<\/p>\n<p><img loading=\"lazy\" decoding=\"async\" class=\"alignnone size-medium wp-image-2603\" src=\"https:\/\/centriboet.com\/wp-content\/uploads\/2017\/03\/Unitat-mobil-90-m3-300x224.jpg\" alt=\"\" width=\"300\" height=\"224\" srcset=\"https:\/\/centriboet.com\/wp-content\/uploads\/2017\/03\/Unitat-mobil-90-m3-300x224.jpg 300w, https:\/\/centriboet.com\/wp-content\/uploads\/2017\/03\/Unitat-mobil-90-m3-768x574.jpg 768w, https:\/\/centriboet.com\/wp-content\/uploads\/2017\/03\/Unitat-mobil-90-m3-200x150.jpg 200w, https:\/\/centriboet.com\/wp-content\/uploads\/2017\/03\/Unitat-mobil-90-m3.jpg 800w\" sizes=\"auto, (max-width: 300px) 100vw, 300px\" \/><img loading=\"lazy\" decoding=\"async\" class=\"alignnone size-medium wp-image-2601\" src=\"https:\/\/centriboet.com\/wp-content\/uploads\/2017\/03\/Unitat-mobil-50-m3-300x224.jpg\" alt=\"\" width=\"300\" height=\"224\" srcset=\"https:\/\/centriboet.com\/wp-content\/uploads\/2017\/03\/Unitat-mobil-50-m3-300x224.jpg 300w, https:\/\/centriboet.com\/wp-content\/uploads\/2017\/03\/Unitat-mobil-50-m3-768x574.jpg 768w, https:\/\/centriboet.com\/wp-content\/uploads\/2017\/03\/Unitat-mobil-50-m3-200x150.jpg 200w, https:\/\/centriboet.com\/wp-content\/uploads\/2017\/03\/Unitat-mobil-50-m3.jpg 800w\" sizes=\"auto, (max-width: 300px) 100vw, 300px\" \/><img loading=\"lazy\" decoding=\"async\" class=\"alignnone size-medium wp-image-2602\" src=\"https:\/\/centriboet.com\/wp-content\/uploads\/2017\/03\/Unitat-mobil-60-m3-300x224.jpg\" alt=\"\" width=\"300\" height=\"224\" srcset=\"https:\/\/centriboet.com\/wp-content\/uploads\/2017\/03\/Unitat-mobil-60-m3-300x224.jpg 300w, https:\/\/centriboet.com\/wp-content\/uploads\/2017\/03\/Unitat-mobil-60-m3-768x574.jpg 768w, https:\/\/centriboet.com\/wp-content\/uploads\/2017\/03\/Unitat-mobil-60-m3-200x150.jpg 200w, https:\/\/centriboet.com\/wp-content\/uploads\/2017\/03\/Unitat-mobil-60-m3.jpg 800w\" sizes=\"auto, (max-width: 300px) 100vw, 300px\" \/>","protected":false},"excerpt":{"rendered":"<p>Les solutions mobiles de d\u00e9shydratation des boues vous offrent des solutions flexibles en remplacement ou en compl\u00e9ment d\u2019 installations fixes de d\u00e9shydratation des boues . Elles ont pour avantage \u00e9conomique un degr\u00e9 de standardisation tr\u00e8s pouss\u00e9 qui permet d\u2019abaisser notablement les co\u00fbts de d\u00e9veloppement, d\u2019assemblage, d\u2019acheminement et de mise en service. Les unit\u00e9s mobiles de d\u00e9shydratation sont disponibles pour intervenir&nbsp;<a href=\"https:\/\/centriboet.com\/fr\/rent\/\" class=\"read-more\">Lire la suite<\/a><\/p>\n","protected":false},"author":1,"featured_media":0,"parent":0,"menu_order":0,"comment_status":"closed","ping_status":"closed","template":"page-fullwidth.php","meta":{"footnotes":""},"class_list":["post-2552","page","type-page","status-publish","hentry"],"_links":{"self":[{"href":"https:\/\/centriboet.com\/fr\/wp-json\/wp\/v2\/pages\/2552","targetHints":{"allow":["GET"]}}],"collection":[{"href":"https:\/\/centriboet.com\/fr\/wp-json\/wp\/v2\/pages"}],"about":[{"href":"https:\/\/centriboet.com\/fr\/wp-json\/wp\/v2\/types\/page"}],"author":[{"embeddable":true,"href":"https:\/\/centriboet.com\/fr\/wp-json\/wp\/v2\/users\/1"}],"replies":[{"embeddable":true,"href":"https:\/\/centriboet.com\/fr\/wp-json\/wp\/v2\/comments?post=2552"}],"version-history":[{"count":9,"href":"https:\/\/centriboet.com\/fr\/wp-json\/wp\/v2\/pages\/2552\/revisions"}],"predecessor-version":[{"id":2609,"href":"https:\/\/centriboet.com\/fr\/wp-json\/wp\/v2\/pages\/2552\/revisions\/2609"}],"wp:attachment":[{"href":"https:\/\/centriboet.com\/fr\/wp-json\/wp\/v2\/media?parent=2552"}],"curies":[{"name":"wp","href":"https:\/\/api.w.org\/{rel}","templated":true}]}}