
{"id":2558,"date":"2017-03-02T11:54:01","date_gmt":"2017-03-02T11:54:01","guid":{"rendered":"https:\/\/centriboet.com\/?page_id=2558"},"modified":"2017-07-17T17:33:29","modified_gmt":"2017-07-17T17:33:29","slug":"repairing","status":"publish","type":"page","link":"https:\/\/centriboet.com\/fr\/repairing\/","title":{"rendered":"R\u00e9paration de centrifugeuses"},"content":{"rendered":"Les centrifugeuses fonctionnent \u00e0 des vitesses \u00e9lev\u00e9es et subirent des contraintes s\u00e9v\u00e8res, de sorte que l\u2019usure et l\u2019\u00e9rosion sont in\u00e9vitables. Notre entreprise offre le service de r\u00e9paration et d\u2019entretien\u00a0de toute sorte de centrifugeuses et met \u00e0 disposition de ses clients une exp\u00e9rience de plus de 25 ans de service d\u00e9vou\u00e9 \u00e0 la r\u00e9paration et entretien de centrifugeuses. Nous faisons \u00e9galement des travaux sp\u00e9ciaux avec de la c\u00e9ramique et des m\u00e9taux durs, des r\u00e9visions compl\u00e8tes, r\u00e9paration des \u00e9quipements\u00a0d\u2019entra\u00eenement et \u00e9tudes pour am\u00e9liorer les performances et l\u2019usure.<\/p>\n<p>Nous avons un atelier sp\u00e9cialis\u00e9 dans la ville de Argentona (Barcelona), avec plus de 2000 m\u00b2 d\u00e9di\u00e9es \u00e0 la\u00a0maintenance et la r\u00e9paration des centrifugeuses, avec du personnel sp\u00e9cialis\u00e9 et des \u00e9quipements\u00a0de mesure, soudage, meulage, \u00e9quilibrage et peinture.<\/p>\n<p>Nos services vont de la refonte compl\u00e8te du bol et de la vis jusqu\u2019au sablage et la peinture, la protection contre l\u2019usure et les rev\u00eatements sp\u00e9ciaux (c\u00e9ramique, alumine ...) pour les produits abrasifs.<\/p>\n<p>Nous sommes \u00e9galement le service officiel Viscotherm pour r\u00e9parer et fournir les pi\u00e8ces de rechange\u00a0des entra\u00eenements hydrauliques des centrifugeuses.<\/p>\n<p><img loading=\"lazy\" decoding=\"async\" class=\"alignnone size-medium wp-image-2624\" src=\"https:\/\/centriboet.com\/wp-content\/uploads\/2017\/03\/Reparacion_centrifugas-300x224.jpg\" alt=\"\" width=\"300\" height=\"224\" srcset=\"https:\/\/centriboet.com\/wp-content\/uploads\/2017\/03\/Reparacion_centrifugas-300x224.jpg 300w, https:\/\/centriboet.com\/wp-content\/uploads\/2017\/03\/Reparacion_centrifugas-768x574.jpg 768w, https:\/\/centriboet.com\/wp-content\/uploads\/2017\/03\/Reparacion_centrifugas-200x150.jpg 200w, https:\/\/centriboet.com\/wp-content\/uploads\/2017\/03\/Reparacion_centrifugas.jpg 800w\" sizes=\"auto, (max-width: 300px) 100vw, 300px\" \/><img loading=\"lazy\" decoding=\"async\" class=\"alignnone size-medium wp-image-2622\" src=\"https:\/\/centriboet.com\/wp-content\/uploads\/2017\/03\/Reparacion_centrifugas_1-300x224.jpg\" alt=\"\" width=\"300\" height=\"224\" srcset=\"https:\/\/centriboet.com\/wp-content\/uploads\/2017\/03\/Reparacion_centrifugas_1-300x224.jpg 300w, https:\/\/centriboet.com\/wp-content\/uploads\/2017\/03\/Reparacion_centrifugas_1-768x573.jpg 768w, https:\/\/centriboet.com\/wp-content\/uploads\/2017\/03\/Reparacion_centrifugas_1-200x150.jpg 200w, https:\/\/centriboet.com\/wp-content\/uploads\/2017\/03\/Reparacion_centrifugas_1.jpg 800w\" sizes=\"auto, (max-width: 300px) 100vw, 300px\" \/><img loading=\"lazy\" decoding=\"async\" class=\"alignnone size-medium wp-image-2625\" src=\"https:\/\/centriboet.com\/wp-content\/uploads\/2017\/03\/Reparacion-centrifugas_2-300x224.jpg\" alt=\"\" width=\"300\" height=\"224\" srcset=\"https:\/\/centriboet.com\/wp-content\/uploads\/2017\/03\/Reparacion-centrifugas_2-300x224.jpg 300w, https:\/\/centriboet.com\/wp-content\/uploads\/2017\/03\/Reparacion-centrifugas_2-768x574.jpg 768w, https:\/\/centriboet.com\/wp-content\/uploads\/2017\/03\/Reparacion-centrifugas_2-200x150.jpg 200w, https:\/\/centriboet.com\/wp-content\/uploads\/2017\/03\/Reparacion-centrifugas_2.jpg 800w\" sizes=\"auto, (max-width: 300px) 100vw, 300px\" \/>","protected":false},"excerpt":{"rendered":"<p>Les centrifugeuses fonctionnent \u00e0 des vitesses \u00e9lev\u00e9es et subirent des contraintes s\u00e9v\u00e8res, de sorte que l\u2019usure et l\u2019\u00e9rosion sont in\u00e9vitables. Notre entreprise offre le service de r\u00e9paration et d\u2019entretien\u00a0de toute sorte de centrifugeuses et met \u00e0 disposition de ses clients une exp\u00e9rience de plus de 25 ans de service d\u00e9vou\u00e9 \u00e0 la r\u00e9paration et entretien de centrifugeuses. Nous faisons \u00e9galement&nbsp;<a href=\"https:\/\/centriboet.com\/fr\/repairing\/\" class=\"read-more\">Lire la suite<\/a><\/p>\n","protected":false},"author":1,"featured_media":0,"parent":0,"menu_order":0,"comment_status":"closed","ping_status":"closed","template":"page-fullwidth.php","meta":{"footnotes":""},"class_list":["post-2558","page","type-page","status-publish","hentry"],"_links":{"self":[{"href":"https:\/\/centriboet.com\/fr\/wp-json\/wp\/v2\/pages\/2558","targetHints":{"allow":["GET"]}}],"collection":[{"href":"https:\/\/centriboet.com\/fr\/wp-json\/wp\/v2\/pages"}],"about":[{"href":"https:\/\/centriboet.com\/fr\/wp-json\/wp\/v2\/types\/page"}],"author":[{"embeddable":true,"href":"https:\/\/centriboet.com\/fr\/wp-json\/wp\/v2\/users\/1"}],"replies":[{"embeddable":true,"href":"https:\/\/centriboet.com\/fr\/wp-json\/wp\/v2\/comments?post=2558"}],"version-history":[{"count":4,"href":"https:\/\/centriboet.com\/fr\/wp-json\/wp\/v2\/pages\/2558\/revisions"}],"predecessor-version":[{"id":2628,"href":"https:\/\/centriboet.com\/fr\/wp-json\/wp\/v2\/pages\/2558\/revisions\/2628"}],"wp:attachment":[{"href":"https:\/\/centriboet.com\/fr\/wp-json\/wp\/v2\/media?parent=2558"}],"curies":[{"name":"wp","href":"https:\/\/api.w.org\/{rel}","templated":true}]}}