
{"id":2563,"date":"2017-03-02T11:54:39","date_gmt":"2017-03-02T11:54:39","guid":{"rendered":"https:\/\/centriboet.com\/?page_id=2563"},"modified":"2017-07-18T09:53:44","modified_gmt":"2017-07-18T09:53:44","slug":"fabrication","status":"publish","type":"page","link":"https:\/\/centriboet.com\/fr\/fabrication\/","title":{"rendered":"Centrifugeuses sur demande"},"content":{"rendered":"L\u2019exp\u00e9rience de toutes ces ann\u00e9es en tant que sp\u00e9cialistes dans le domaine des centrifugeuses nous a aid\u00e9 \u00e0 concevoir et fabriquer la premi\u00e8re centrifugeuse CENTRIBOET pour la d\u00e9shydratation de boues \u00e0 haute teneur en mati\u00e8res solides, afin de r\u00e9pondre aux besoins des clients qui nous demandent des \u00e9quipements fiables, durables et de qualit\u00e9.<\/p>\n<p>Les centrifugeuses CENTRIBOET sont con\u00e7ues pour des applications avec des exigences \u00e9lev\u00e9es de service et de travail continu. Leur conception et les protections contre l\u2019usure feront de la centrifugeuse CENTRIBOET le meilleur\u00a0 \u00e9quipement pour la d\u00e9shydratation de boues \u00e0 forte pr\u00e9sence des solides et mat\u00e9riaux inhabituels, notamment pour le traitement des boues de digesteurs ana\u00e9robies des plantes de traitement des ordures m\u00e9nag\u00e8res et les boues min\u00e9rales. La centrifugeuse CENTRIBOET est \u00e9quip\u00e9e d\u2019une vis sans fin \u00e0 entra\u00eenement hydraulique qui permet le r\u00e9glage permanent de la vis lorsque les conditions varient et ainsi \u00e9viter les bouchons et le blocage des\u00a0machines.<\/p>\n<p><img loading=\"lazy\" decoding=\"async\" class=\"alignnone size-medium wp-image-2600\" src=\"https:\/\/centriboet.com\/wp-content\/uploads\/2017\/03\/Centriboet-900-300x224.jpg\" alt=\"\" width=\"300\" height=\"224\" srcset=\"https:\/\/centriboet.com\/wp-content\/uploads\/2017\/03\/Centriboet-900-300x224.jpg 300w, https:\/\/centriboet.com\/wp-content\/uploads\/2017\/03\/Centriboet-900-768x574.jpg 768w, https:\/\/centriboet.com\/wp-content\/uploads\/2017\/03\/Centriboet-900-1024x765.jpg 1024w, https:\/\/centriboet.com\/wp-content\/uploads\/2017\/03\/Centriboet-900-200x150.jpg 200w, https:\/\/centriboet.com\/wp-content\/uploads\/2017\/03\/Centriboet-900.jpg 1280w\" sizes=\"auto, (max-width: 300px) 100vw, 300px\" \/><img loading=\"lazy\" decoding=\"async\" class=\"alignnone size-medium wp-image-2618\" src=\"https:\/\/centriboet.com\/wp-content\/uploads\/2017\/03\/Centriboet_900_3-300x224.jpg\" alt=\"\" width=\"300\" height=\"224\" srcset=\"https:\/\/centriboet.com\/wp-content\/uploads\/2017\/03\/Centriboet_900_3-300x224.jpg 300w, https:\/\/centriboet.com\/wp-content\/uploads\/2017\/03\/Centriboet_900_3-768x574.jpg 768w, https:\/\/centriboet.com\/wp-content\/uploads\/2017\/03\/Centriboet_900_3-1024x765.jpg 1024w, https:\/\/centriboet.com\/wp-content\/uploads\/2017\/03\/Centriboet_900_3-200x150.jpg 200w, https:\/\/centriboet.com\/wp-content\/uploads\/2017\/03\/Centriboet_900_3.jpg 1279w\" sizes=\"auto, (max-width: 300px) 100vw, 300px\" \/>","protected":false},"excerpt":{"rendered":"<p>L\u2019exp\u00e9rience de toutes ces ann\u00e9es en tant que sp\u00e9cialistes dans le domaine des centrifugeuses nous a aid\u00e9 \u00e0 concevoir et fabriquer la premi\u00e8re centrifugeuse CENTRIBOET pour la d\u00e9shydratation de boues \u00e0 haute teneur en mati\u00e8res solides, afin de r\u00e9pondre aux besoins des clients qui nous demandent des \u00e9quipements fiables, durables et de qualit\u00e9. Les centrifugeuses CENTRIBOET sont con\u00e7ues pour des&nbsp;<a href=\"https:\/\/centriboet.com\/fr\/fabrication\/\" class=\"read-more\">Lire la suite<\/a><\/p>\n","protected":false},"author":1,"featured_media":0,"parent":0,"menu_order":0,"comment_status":"closed","ping_status":"closed","template":"page-fullwidth.php","meta":{"footnotes":""},"class_list":["post-2563","page","type-page","status-publish","hentry"],"_links":{"self":[{"href":"https:\/\/centriboet.com\/fr\/wp-json\/wp\/v2\/pages\/2563","targetHints":{"allow":["GET"]}}],"collection":[{"href":"https:\/\/centriboet.com\/fr\/wp-json\/wp\/v2\/pages"}],"about":[{"href":"https:\/\/centriboet.com\/fr\/wp-json\/wp\/v2\/types\/page"}],"author":[{"embeddable":true,"href":"https:\/\/centriboet.com\/fr\/wp-json\/wp\/v2\/users\/1"}],"replies":[{"embeddable":true,"href":"https:\/\/centriboet.com\/fr\/wp-json\/wp\/v2\/comments?post=2563"}],"version-history":[{"count":12,"href":"https:\/\/centriboet.com\/fr\/wp-json\/wp\/v2\/pages\/2563\/revisions"}],"predecessor-version":[{"id":2641,"href":"https:\/\/centriboet.com\/fr\/wp-json\/wp\/v2\/pages\/2563\/revisions\/2641"}],"wp:attachment":[{"href":"https:\/\/centriboet.com\/fr\/wp-json\/wp\/v2\/media?parent=2563"}],"curies":[{"name":"wp","href":"https:\/\/api.w.org\/{rel}","templated":true}]}}