
{"id":2566,"date":"2017-03-02T11:55:14","date_gmt":"2017-03-02T11:55:14","guid":{"rendered":"https:\/\/centriboet.com\/?page_id=2566"},"modified":"2017-03-08T15:11:52","modified_gmt":"2017-03-08T15:11:52","slug":"additional-services","status":"publish","type":"page","link":"https:\/\/centriboet.com\/fr\/additional-services\/","title":{"rendered":"Services suppl\u00e9mentaires"},"content":{"rendered":"En plus de nos services mobiles de d\u00e9shydratation, nous avons aussi::<\/p>\n<ul>\n<li>Unit\u00e9s mobiles d'\u00e9paississement des boues jusqu'\u00e0 20 et 60 m3\/h<\/li>\n<li>Syst\u00e8me d'extraction et de broyage de boues de digesteur ana\u00e9robie<\/li>\n<li>\u00c9quipement robotique pour l'aspiration des boues des lagunes<\/li>\n<li>Crible\u00a0et tromel pour l'\u00e9bauche d'\u00e9paisseurs de diff\u00e9rentes tailles<\/li>\n<li>R\u00e9servoirs interm\u00e9diaires d'homog\u00e9n\u00e9isation<\/li>\n<\/ul>\n<p><img loading=\"lazy\" decoding=\"async\" class=\"alignnone wp-image-2446\" src=\"https:\/\/centriboet.com\/wp-content\/uploads\/2017\/02\/banner-4.jpg\" width=\"300\" height=\"226\" srcset=\"https:\/\/centriboet.com\/wp-content\/uploads\/2017\/02\/banner-4.jpg 270w, https:\/\/centriboet.com\/wp-content\/uploads\/2017\/02\/banner-4-200x150.jpg 200w\" sizes=\"auto, (max-width: 300px) 100vw, 300px\" \/><img loading=\"lazy\" decoding=\"async\" class=\"alignnone size-medium wp-image-2323\" src=\"https:\/\/centriboet.com\/wp-content\/uploads\/2011\/07\/Soluciones_02-300x224.jpg\" alt=\"\" width=\"300\" height=\"224\" srcset=\"https:\/\/centriboet.com\/wp-content\/uploads\/2011\/07\/Soluciones_02-300x224.jpg 300w, https:\/\/centriboet.com\/wp-content\/uploads\/2011\/07\/Soluciones_02-200x150.jpg 200w, https:\/\/centriboet.com\/wp-content\/uploads\/2011\/07\/Soluciones_02.jpg 400w\" sizes=\"auto, (max-width: 300px) 100vw, 300px\" \/><img loading=\"lazy\" decoding=\"async\" class=\"alignnone wp-image-2642\" src=\"https:\/\/centriboet.com\/wp-content\/uploads\/2017\/03\/Buidat-basses-300x239.jpg\" width=\"300\" height=\"239\" srcset=\"https:\/\/centriboet.com\/wp-content\/uploads\/2017\/03\/Buidat-basses-300x239.jpg 300w, https:\/\/centriboet.com\/wp-content\/uploads\/2017\/03\/Buidat-basses-768x611.jpg 768w, https:\/\/centriboet.com\/wp-content\/uploads\/2017\/03\/Buidat-basses.jpg 800w\" sizes=\"auto, (max-width: 300px) 100vw, 300px\" \/>","protected":false},"excerpt":{"rendered":"<p>En plus de nos services mobiles de d\u00e9shydratation, nous avons aussi:: Unit\u00e9s mobiles d'\u00e9paississement des boues jusqu'\u00e0 20 et 60 m3\/h Syst\u00e8me d'extraction et de broyage de boues de digesteur ana\u00e9robie \u00c9quipement robotique pour l'aspiration des boues des lagunes Crible\u00a0et tromel pour l'\u00e9bauche d'\u00e9paisseurs de diff\u00e9rentes tailles R\u00e9servoirs interm\u00e9diaires d'homog\u00e9n\u00e9isation<\/p>\n","protected":false},"author":1,"featured_media":0,"parent":0,"menu_order":0,"comment_status":"closed","ping_status":"closed","template":"page-fullwidth.php","meta":{"footnotes":""},"class_list":["post-2566","page","type-page","status-publish","hentry"],"_links":{"self":[{"href":"https:\/\/centriboet.com\/fr\/wp-json\/wp\/v2\/pages\/2566","targetHints":{"allow":["GET"]}}],"collection":[{"href":"https:\/\/centriboet.com\/fr\/wp-json\/wp\/v2\/pages"}],"about":[{"href":"https:\/\/centriboet.com\/fr\/wp-json\/wp\/v2\/types\/page"}],"author":[{"embeddable":true,"href":"https:\/\/centriboet.com\/fr\/wp-json\/wp\/v2\/users\/1"}],"replies":[{"embeddable":true,"href":"https:\/\/centriboet.com\/fr\/wp-json\/wp\/v2\/comments?post=2566"}],"version-history":[{"count":16,"href":"https:\/\/centriboet.com\/fr\/wp-json\/wp\/v2\/pages\/2566\/revisions"}],"predecessor-version":[{"id":2664,"href":"https:\/\/centriboet.com\/fr\/wp-json\/wp\/v2\/pages\/2566\/revisions\/2664"}],"wp:attachment":[{"href":"https:\/\/centriboet.com\/fr\/wp-json\/wp\/v2\/media?parent=2566"}],"curies":[{"name":"wp","href":"https:\/\/api.w.org\/{rel}","templated":true}]}}