
{"id":2673,"date":"2017-03-08T08:24:49","date_gmt":"2017-03-08T08:24:49","guid":{"rendered":"https:\/\/centriboet.com\/?page_id=2673"},"modified":"2017-07-18T09:54:05","modified_gmt":"2017-07-18T09:54:05","slug":"technical-specifications","status":"publish","type":"page","link":"https:\/\/centriboet.com\/fr\/technical-specifications\/","title":{"rendered":"Specifications techniques"},"content":{"rendered":"<img loading=\"lazy\" decoding=\"async\" class=\"alignnone wp-image-2840 size-full\" src=\"https:\/\/centriboet.com\/wp-content\/uploads\/2017\/03\/Foto-UMDB.jpg\" alt=\"\" width=\"800\" height=\"510\" srcset=\"https:\/\/centriboet.com\/wp-content\/uploads\/2017\/03\/Foto-UMDB.jpg 800w, https:\/\/centriboet.com\/wp-content\/uploads\/2017\/03\/Foto-UMDB-300x191.jpg 300w, https:\/\/centriboet.com\/wp-content\/uploads\/2017\/03\/Foto-UMDB-768x490.jpg 768w\" sizes=\"auto, (max-width: 800px) 100vw, 800px\" \/><\/p>\n<p>Les unit\u00e9s mobiles de d\u00e9shydratation des boues Centriboet sont compos\u00e9s des \u00e9l\u00e9ments suivants:<\/p>\n<ul>\n<li>D\u00e9canteuse de deux phases, entra\u00een\u00e9e par un moteur \u00e9lectrique et moteur hydraulique Viscotherm avec commande analogique actif pour la r\u00e9gulation de la diff\u00e9rence de vitesse, pour le traitement des boues avec une concentration d'entr\u00e9e comprise entre 1 et 10%, le d\u00e9bit maximal 3-90 m3\/h et mati\u00e8re s\u00e8che de\u00a0120-5000 Kg\/MS\/h<\/li>\n<li>Unit\u00e9 de pr\u00e9paration de polympere automatique, de d\u00e9bit\u00a0variable, poudre ou liquide<\/li>\n<li>Pompe \u00e0 boues \u00e0 d\u00e9bit variable entra\u00een\u00e9e par un moteur \u00e9lectrique.<\/li>\n<li>Pompe \u00e0 polym\u00e8re\u00a0\u00e0 d\u00e9bit variable entra\u00een\u00e9e par un moteur \u00e9lectrique.<\/li>\n<li>Convoyeur \u00e0 bande ou vis sans fin pour la d\u00e9charge des boues d\u00e9shydrat\u00e9es.<\/li>\n<li>Panneau\u00a0\u00e9lectrique de commande et man\u0153uvre avec PLC pour surveiller le d\u00e9bit, l'\u00e9tat de pompes et la centrifugeuse, unit\u00e9 de floculation et de la bande transporteuse, les alarmes de temp\u00e9rature, de pression et de tuyau vide, lavage int\u00e9rieur et d'arr\u00eat d'urgence.<\/li>\n<li>Tuyaux pour la boue et l'eau, et le c\u00e2ble pour le raccordement \u00e9lectrique.<\/li>\n<\/ul>\n<p>Les unit\u00e9s mobiles de d\u00e9shydratation sont disponibles pour intervenir rapidement et peuvent \u00eatre lou\u00e9es pour des besoins sp\u00e9cifiques sur une courte ou une longue dur\u00e9e et vous avez la garantie d\u2019une assistance permanente.","protected":false},"excerpt":{"rendered":"<p>Les unit\u00e9s mobiles de d\u00e9shydratation des boues Centriboet sont compos\u00e9s des \u00e9l\u00e9ments suivants: D\u00e9canteuse de deux phases, entra\u00een\u00e9e par un moteur \u00e9lectrique et moteur hydraulique Viscotherm avec commande analogique actif pour la r\u00e9gulation de la diff\u00e9rence de vitesse, pour le traitement des boues avec une concentration d'entr\u00e9e comprise entre 1 et 10%, le d\u00e9bit maximal 3-90 m3\/h et mati\u00e8re s\u00e8che&nbsp;<a href=\"https:\/\/centriboet.com\/fr\/technical-specifications\/\" class=\"read-more\">Lire la suite<\/a><\/p>\n","protected":false},"author":1,"featured_media":0,"parent":0,"menu_order":0,"comment_status":"closed","ping_status":"closed","template":"page-fullwidth.php","meta":{"footnotes":""},"class_list":["post-2673","page","type-page","status-publish","hentry"],"_links":{"self":[{"href":"https:\/\/centriboet.com\/fr\/wp-json\/wp\/v2\/pages\/2673","targetHints":{"allow":["GET"]}}],"collection":[{"href":"https:\/\/centriboet.com\/fr\/wp-json\/wp\/v2\/pages"}],"about":[{"href":"https:\/\/centriboet.com\/fr\/wp-json\/wp\/v2\/types\/page"}],"author":[{"embeddable":true,"href":"https:\/\/centriboet.com\/fr\/wp-json\/wp\/v2\/users\/1"}],"replies":[{"embeddable":true,"href":"https:\/\/centriboet.com\/fr\/wp-json\/wp\/v2\/comments?post=2673"}],"version-history":[{"count":28,"href":"https:\/\/centriboet.com\/fr\/wp-json\/wp\/v2\/pages\/2673\/revisions"}],"predecessor-version":[{"id":2856,"href":"https:\/\/centriboet.com\/fr\/wp-json\/wp\/v2\/pages\/2673\/revisions\/2856"}],"wp:attachment":[{"href":"https:\/\/centriboet.com\/fr\/wp-json\/wp\/v2\/media?parent=2673"}],"curies":[{"name":"wp","href":"https:\/\/api.w.org\/{rel}","templated":true}]}}