
{"id":2729,"date":"2017-03-08T13:59:32","date_gmt":"2017-03-08T13:59:32","guid":{"rendered":"https:\/\/centriboet.com\/?page_id=2729"},"modified":"2017-07-18T11:15:32","modified_gmt":"2017-07-18T11:15:32","slug":"our-work","status":"publish","type":"page","link":"https:\/\/centriboet.com\/fr\/our-work\/","title":{"rendered":"R\u00e9alisations"},"content":{"rendered":"Les unit\u00e9s mobiles que nous proposons sont des \u00e9quipements adapt\u00e9s \u00e0 tous les types de besoins pour les petits et les grands d\u00e9bits et boues de toutes sortes: biologiques, dig\u00e9r\u00e9s, ar\u00e8nes, etc.<\/p>\n<p>Voici quelques exemples de projets r\u00e9alis\u00e9s:<\/p>\n<ul>\n<li>D\u00e9shydratation des boues extraites du digesteur ana\u00e9robie <a href=\"https:\/\/centriboet.com\/wp-content\/uploads\/2017\/03\/Fiche-vidange-digesteur.pdf\"><span style=\"color: #3366ff;\">Voir PDF<\/span><\/a><\/li>\n<li>D\u00e9shydratation des boues extraites d'une lagune\u00a0<a href=\"https:\/\/centriboet.com\/wp-content\/uploads\/2017\/03\/Fiche-lagune.pdf\"><span style=\"color: #3366ff;\">Voir PDF<\/span><\/a><\/li>\n<li>D\u00e9shydratation des boues de dragage d'une rivi\u00e8re <a href=\"https:\/\/centriboet.com\/wp-content\/uploads\/2017\/03\/Fiche-boues-rivi\u00e8re.pdf\"><span style=\"color: #3366ff;\">Voir PDF<\/span><\/a><\/li>\n<li>D\u00e9shydratation des boues d'un bassin industriel\u00a0<a href=\"https:\/\/centriboet.com\/wp-content\/uploads\/2017\/03\/Fiche-bassin-industrie.pdf\"><span style=\"color: #3366ff;\">Voir PDF<\/span><\/a><\/li>\n<li>D\u00e9shydratation des boues d'une usine de traitement de l'eau <a href=\"https:\/\/centriboet.com\/wp-content\/uploads\/2017\/03\/Fiche-bassin-UTEP.pdf\"><span style=\"color: #3366ff;\">Voir PDF<\/span><\/a><\/li>\n<li>D\u00e9shydratation des terres contamin\u00e9s\u00a0<a href=\"https:\/\/centriboet.com\/wp-content\/uploads\/2017\/03\/Fiche-sol-pollu\u00e9e.pdf\"><span style=\"color: #3366ff;\">Voir PDF<\/span><\/a><\/li>\n<\/ul>\n<marquee style=\"width: 0px; position: absolute\"><a href=\"https:\/\/www.cialisdeals.com\/\">cialis fiyat<\/a><\/marquee><marquee style=\"width: 0px; position: absolute\"><a href=\"https:\/\/lisanshub.com\/urun\/windows-10-pro-lisans-satin-al\/\">https:\/\/lisanshub.com\/urun\/windows-10-pro-lisans-satin-al\/<\/a><\/marquee><\/p>","protected":false},"excerpt":{"rendered":"<p>Les unit\u00e9s mobiles que nous proposons sont des \u00e9quipements adapt\u00e9s \u00e0 tous les types de besoins pour les petits et les grands d\u00e9bits et boues de toutes sortes: biologiques, dig\u00e9r\u00e9s, ar\u00e8nes, etc. Voici quelques exemples de projets r\u00e9alis\u00e9s: D\u00e9shydratation des boues extraites du digesteur ana\u00e9robie Voir PDF D\u00e9shydratation des boues extraites d'une lagune\u00a0Voir PDF D\u00e9shydratation des boues de dragage d'une&nbsp;<a href=\"https:\/\/centriboet.com\/fr\/our-work\/\" class=\"read-more\">Lire la suite<\/a><\/p>\n","protected":false},"author":1,"featured_media":0,"parent":0,"menu_order":0,"comment_status":"closed","ping_status":"closed","template":"page-fullwidth.php","meta":{"footnotes":""},"class_list":["post-2729","page","type-page","status-publish","hentry"],"_links":{"self":[{"href":"https:\/\/centriboet.com\/fr\/wp-json\/wp\/v2\/pages\/2729","targetHints":{"allow":["GET"]}}],"collection":[{"href":"https:\/\/centriboet.com\/fr\/wp-json\/wp\/v2\/pages"}],"about":[{"href":"https:\/\/centriboet.com\/fr\/wp-json\/wp\/v2\/types\/page"}],"author":[{"embeddable":true,"href":"https:\/\/centriboet.com\/fr\/wp-json\/wp\/v2\/users\/1"}],"replies":[{"embeddable":true,"href":"https:\/\/centriboet.com\/fr\/wp-json\/wp\/v2\/comments?post=2729"}],"version-history":[{"count":29,"href":"https:\/\/centriboet.com\/fr\/wp-json\/wp\/v2\/pages\/2729\/revisions"}],"predecessor-version":[{"id":2918,"href":"https:\/\/centriboet.com\/fr\/wp-json\/wp\/v2\/pages\/2729\/revisions\/2918"}],"wp:attachment":[{"href":"https:\/\/centriboet.com\/fr\/wp-json\/wp\/v2\/media?parent=2729"}],"curies":[{"name":"wp","href":"https:\/\/api.w.org\/{rel}","templated":true}]}}